{"id":1494,"date":"2021-03-08T11:45:53","date_gmt":"2021-03-08T10:45:53","guid":{"rendered":"https:\/\/corlacortelaser.com\/servicios\/"},"modified":"2023-06-28T11:56:15","modified_gmt":"2023-06-28T09:56:15","slug":"services","status":"publish","type":"page","link":"https:\/\/corlacortelaser.com\/fr\/services\/","title":{"rendered":"Services"},"content":{"rendered":"<div class=\"wpb-content-wrapper\"><p>[vc_row nav_skin=&#8221;light&#8221; consent_include=&#8221;include&#8221; custom_bg_color=&#8221;{&#8220;solid&#8220;:{&#8220;id&#8220;:&#8220;Light background&#8220;,&#8220;color&#8220;:&#8220;#f9fafb&#8220;}}&#8221; el_design=&#8221;{&#8220;desktop&#8220;:{&#8220;padding-top&#8220;:&#8220;130&#8220;,&#8220;padding-bottom&#8220;:&#8220;100&#8220;}}&#8221;][vc_column css_animation=&#8221;&#8221;][vc_heading heading_text=&#8221;Services et machines&#8221; heading_wrapper=&#8221;p&#8221; alignment=&#8221;align_center&#8221; heading_color=&#8221;{&#8220;solid&#8220;:{&#8220;id&#8220;:&#8220;custom_1919533005111031&#8220;,&#8220;color&#8220;:&#8220;#141d2c&#8220;}}&#8221; heading_typography=&#8221;{&#8220;variants&#8220;:&#8220;300&#8220;,&#8220;transform&#8220;:&#8220;uppercase&#8220;,&#8220;font_size&#8220;:&#8220;30px&#8220;,&#8220;letter_spacing&#8220;:&#8220;10px&#8220;}&#8221; css_animation=&#8221;&#8221;][vc_empty_space height=&#8221;10px&#8221;][vc_separator align=&#8221;none&#8221; line_color=&#8221;{&#8220;id&#8220;:&#8220;custom_1919533005111031&#8220;,&#8220;color&#8220;:&#8220;#141d2c&#8220;}&#8221; width=&#8221;30%&#8221; height=&#8221;2px&#8221; css_animation=&#8221;wtbx-anim-fade-in&#8221; css_animation_easing=&#8221;wtbx_easing-natural&#8221; css_animation_duration=&#8221;wtbx-duration-1000&#8243; css_animation_delay=&#8221;&#8221;][vc_empty_space height=&#8221;80px&#8221;][vc_row_inner consent_include=&#8221;include&#8221; el_design=&#8221;{&#8220;mobile_portrait&#8220;:{&#8220;padding-right&#8220;:&#8220;0&#8220;,&#8220;padding-left&#8220;:&#8220;0&#8220;},&#8220;mobile_landscape&#8220;:{&#8220;padding-right&#8220;:&#8220;0&#8220;,&#8220;padding-left&#8220;:&#8220;0&#8220;},&#8220;tablet_portrait&#8220;:{&#8220;padding-right&#8220;:&#8220;0&#8220;,&#8220;padding-left&#8220;:&#8220;0&#8220;},&#8220;tablet_landscape&#8220;:{&#8220;padding-right&#8220;:&#8220;12%&#8220;,&#8220;padding-left&#8220;:&#8220;12%&#8220;},&#8220;desktop&#8220;:{&#8220;padding-right&#8220;:&#8220;12%&#8220;,&#8220;padding-left&#8220;:&#8220;12%&#8220;}}&#8221;][vc_column_inner el_design=&#8221;{&#8220;desktop&#8220;:{&#8220;padding-top&#8220;:&#8220;15&#8220;,&#8220;padding-right&#8220;:&#8220;15&#8220;,&#8220;padding-bottom&#8220;:&#8220;15&#8220;,&#8220;padding-left&#8220;:&#8220;15&#8220;}}&#8221; width=&#8221;1\/4&#8243; css_animation=&#8221;&#8221; offset=&#8221;vc_col-md-4&#8243;][vc_image_caption image=&#8221;1196&#8243; overlay_mobile=&#8221;yes&#8221; style=&#8221;style_2&#8243; caption_appear=&#8221;caption_disappear&#8221; skin=&#8221;light&#8221; scheme=&#8221;colorful&#8221; shadow=&#8221;shadow_small&#8221; radius=&#8221;0&#8243; title=&#8221;D\u00e9coupe laser&#8221; description=&#8221;&#8221; img_link=&#8221;page_link&#8221; preloader=&#8221;&#8221; css_animation=&#8221;&#8221; link=&#8221;url:https%3A%2F%2Fcorlacortelaser.com%2Ffr%2Fservices%2Fdecoupe-laser-industrielle%2F|title:D%C3%A9coupe%20laser%20industrielle&#8221; bg_color=&#8221;{&#8220;solid&#8220;:{&#8220;id&#8220;:&#8220;custom_color&#8220;,&#8220;color&#8220;:&#8220;rgba(20,29,44,0.6)&#8220;}}&#8221;][\/vc_column_inner][vc_column_inner el_design=&#8221;{&#8220;desktop&#8220;:{&#8220;padding-top&#8220;:&#8220;15&#8220;,&#8220;padding-right&#8220;:&#8220;15&#8220;,&#8220;padding-bottom&#8220;:&#8220;15&#8220;,&#8220;padding-left&#8220;:&#8220;15&#8220;}}&#8221; width=&#8221;1\/4&#8243; css_animation=&#8221;&#8221; offset=&#8221;vc_col-md-4&#8243;][vc_image_caption image=&#8221;1198&#8243; overlay_mobile=&#8221;yes&#8221; style=&#8221;style_2&#8243; caption_appear=&#8221;caption_disappear&#8221; skin=&#8221;light&#8221; scheme=&#8221;colorful&#8221; shadow=&#8221;shadow_small&#8221; radius=&#8221;0&#8243; title=&#8221;Pliage&#8221; description=&#8221;&#8221; img_link=&#8221;page_link&#8221; preloader=&#8221;&#8221; css_animation=&#8221;&#8221; link=&#8221;url:https%3A%2F%2Fcorlacortelaser.com%2Ffr%2Fservices%2Fpliage%2F|title:Pliage&#8221; bg_color=&#8221;{&#8220;solid&#8220;:{&#8220;id&#8220;:&#8220;custom_color&#8220;,&#8220;color&#8220;:&#8220;rgba(20,29,44,0.6)&#8220;}}&#8221;][\/vc_column_inner][vc_column_inner el_design=&#8221;{&#8220;desktop&#8220;:{&#8220;padding-top&#8220;:&#8220;15&#8220;,&#8220;padding-right&#8220;:&#8220;15&#8220;,&#8220;padding-bottom&#8220;:&#8220;15&#8220;,&#8220;padding-left&#8220;:&#8220;15&#8220;}}&#8221; width=&#8221;1\/4&#8243; css_animation=&#8221;&#8221; offset=&#8221;vc_col-md-4&#8243;][vc_image_caption image=&#8221;1847&#8243; overlay_mobile=&#8221;yes&#8221; style=&#8221;style_2&#8243; caption_appear=&#8221;caption_disappear&#8221; skin=&#8221;light&#8221; scheme=&#8221;colorful&#8221; shadow=&#8221;shadow_small&#8221; radius=&#8221;0&#8243; title=&#8221;Cintrage&#8221; description=&#8221;&#8221; img_link=&#8221;page_link&#8221; preloader=&#8221;&#8221; css_animation=&#8221;&#8221; link=&#8221;url:https%3A%2F%2Fcorlacortelaser.com%2Ffr%2Fservices%2Fcintrage%2F|title:Cintrage&#8221; bg_color=&#8221;{&#8220;solid&#8220;:{&#8220;id&#8220;:&#8220;custom_color&#8220;,&#8220;color&#8220;:&#8220;rgba(20,29,44,0.6)&#8220;}}&#8221;][\/vc_column_inner][\/vc_row_inner][vc_row_inner consent_include=&#8221;include&#8221;][vc_column_inner width=&#8221;1\/4&#8243; css_animation=&#8221;&#8221;][vc_image_caption image=&#8221;1850&#8243; overlay_mobile=&#8221;yes&#8221; style=&#8221;style_2&#8243; caption_appear=&#8221;caption_disappear&#8221; skin=&#8221;light&#8221; scheme=&#8221;colorful&#8221; shadow=&#8221;shadow_small&#8221; radius=&#8221;0&#8243; title=&#8221;Soudure&#8221; description=&#8221;&#8221; img_link=&#8221;page_link&#8221; preloader=&#8221;&#8221; css_animation=&#8221;&#8221; link=&#8221;url:https%3A%2F%2Fcorlacortelaser.com%2Ffr%2Fservices%2Fsoudure%2F|title:Soudure&#8221; bg_color=&#8221;{&#8220;solid&#8220;:{&#8220;id&#8220;:&#8220;custom_color&#8220;,&#8220;color&#8220;:&#8220;rgba(20,29,44,0.6)&#8220;}}&#8221;][\/vc_column_inner][vc_column_inner width=&#8221;1\/4&#8243; css_animation=&#8221;&#8221;][vc_image_caption image=&#8221;1197&#8243; overlay_mobile=&#8221;yes&#8221; style=&#8221;style_2&#8243; caption_appear=&#8221;caption_disappear&#8221; skin=&#8221;light&#8221; scheme=&#8221;colorful&#8221; shadow=&#8221;shadow_small&#8221; radius=&#8221;0&#8243; title=&#8221;Usinage&#8221; description=&#8221;&#8221; img_link=&#8221;page_link&#8221; preloader=&#8221;&#8221; css_animation=&#8221;&#8221; link=&#8221;url:https%3A%2F%2Fcorlacortelaser.com%2Ffr%2Fservices%2Fusinage%2F|title:Usinage&#8221; bg_color=&#8221;{&#8220;solid&#8220;:{&#8220;id&#8220;:&#8220;custom_color&#8220;,&#8220;color&#8220;:&#8220;rgba(20,29,44,0.6)&#8220;}}&#8221;][\/vc_column_inner][vc_column_inner width=&#8221;1\/4&#8243; css_animation=&#8221;&#8221;][vc_image_caption image=&#8221;1199&#8243; overlay_mobile=&#8221;yes&#8221; style=&#8221;style_2&#8243; caption_appear=&#8221;caption_disappear&#8221; skin=&#8221;light&#8221; scheme=&#8221;colorful&#8221; shadow=&#8221;shadow_small&#8221; radius=&#8221;0&#8243; title=&#8221;Produits finis&#8221; description=&#8221;&#8221; img_link=&#8221;page_link&#8221; preloader=&#8221;&#8221; css_animation=&#8221;&#8221; link=&#8221;url:https%3A%2F%2Fcorlacortelaser.com%2Ffr%2Fservices%2Fproduits-finis%2F|title:Produits%20finis&#8221; bg_color=&#8221;{&#8220;solid&#8220;:{&#8220;id&#8220;:&#8220;custom_color&#8220;,&#8220;color&#8220;:&#8220;rgba(20,29,44,0.6)&#8220;}}&#8221;][\/vc_column_inner][vc_column_inner width=&#8221;1\/4&#8243; css_animation=&#8221;&#8221;][vc_image_caption image=&#8221;1195&#8243; overlay_mobile=&#8221;yes&#8221; style=&#8221;style_2&#8243; caption_appear=&#8221;caption_disappear&#8221; skin=&#8221;light&#8221; scheme=&#8221;colorful&#8221; shadow=&#8221;shadow_small&#8221; radius=&#8221;0&#8243; title=&#8221;Traitements superficiels&#8221; description=&#8221;&#8221; img_link=&#8221;page_link&#8221; preloader=&#8221;&#8221; css_animation=&#8221;&#8221; link=&#8221;url:https%3A%2F%2Fcorlacortelaser.com%2Ffr%2Fservices%2Ftraitements-superficiels-et-decoration%2F|title:Traitements%20superficiels%20et%20d%C3%A9coration&#8221; bg_color=&#8221;{&#8220;solid&#8220;:{&#8220;id&#8220;:&#8220;custom_color&#8220;,&#8220;color&#8220;:&#8220;rgba(20,29,44,0.6)&#8220;}}&#8221;][\/vc_column_inner][\/vc_row_inner][\/vc_column][\/vc_row]<\/p>\n<\/div>","protected":false},"excerpt":{"rendered":"<p>[vc_row nav_skin=&#8221;light&#8221; consent_include=&#8221;include&#8221; custom_bg_color=&#8221;{&#8220;solid&#8220;:{&#8220;id&#8220;:&#8220;Light background&#8220;,&#8220;color&#8220;:&#8220;#f9fafb&#8220;}}&#8221; el_design=&#8221;{&#8220;desktop&#8220;:{&#8220;padding-top&#8220;:&#8220;130&#8220;,&#8220;padding-bottom&#8220;:&#8220;100&#8220;}}&#8221;][vc_column css_animation=&#8221;&#8221;][vc_heading heading_text=&#8221;Services et machines&#8221; heading_wrapper=&#8221;p&#8221; alignment=&#8221;align_center&#8221; heading_color=&#8221;{&#8220;solid&#8220;:{&#8220;id&#8220;:&#8220;custom_1919533005111031&#8220;,&#8220;color&#8220;:&#8220;#141d2c&#8220;}}&#8221; heading_typography=&#8221;{&#8220;variants&#8220;:&#8220;300&#8220;,&#8220;transform&#8220;:&#8220;uppercase&#8220;,&#8220;font_size&#8220;:&#8220;30px&#8220;,&#8220;letter_spacing&#8220;:&#8220;10px&#8220;}&#8221; css_animation=&#8221;&#8221;][vc_empty_space height=&#8221;10px&#8221;][vc_separator align=&#8221;none&#8221; line_color=&#8221;{&#8220;id&#8220;:&#8220;custom_1919533005111031&#8220;,&#8220;color&#8220;:&#8220;#141d2c&#8220;}&#8221; width=&#8221;30%&#8221; height=&#8221;2px&#8221; css_animation=&#8221;wtbx-anim-fade-in&#8221; css_animation_easing=&#8221;wtbx_easing-natural&#8221; css_animation_duration=&#8221;wtbx-duration-1000&#8243; css_animation_delay=&#8221;&#8221;][vc_empty_space height=&#8221;80px&#8221;][vc_row_inner consent_include=&#8221;include&#8221; el_design=&#8221;{&#8220;mobile_portrait&#8220;:{&#8220;padding-right&#8220;:&#8220;0&#8220;,&#8220;padding-left&#8220;:&#8220;0&#8220;},&#8220;mobile_landscape&#8220;:{&#8220;padding-right&#8220;:&#8220;0&#8220;,&#8220;padding-left&#8220;:&#8220;0&#8220;},&#8220;tablet_portrait&#8220;:{&#8220;padding-right&#8220;:&#8220;0&#8220;,&#8220;padding-left&#8220;:&#8220;0&#8220;},&#8220;tablet_landscape&#8220;:{&#8220;padding-right&#8220;:&#8220;12%&#8220;,&#8220;padding-left&#8220;:&#8220;12%&#8220;},&#8220;desktop&#8220;:{&#8220;padding-right&#8220;:&#8220;12%&#8220;,&#8220;padding-left&#8220;:&#8220;12%&#8220;}}&#8221;][vc_column_inner el_design=&#8221;{&#8220;desktop&#8220;:{&#8220;padding-top&#8220;:&#8220;15&#8220;,&#8220;padding-right&#8220;:&#8220;15&#8220;,&#8220;padding-bottom&#8220;:&#8220;15&#8220;,&#8220;padding-left&#8220;:&#8220;15&#8220;}}&#8221; width=&#8221;1\/4&#8243; css_animation=&#8221;&#8221; offset=&#8221;vc_col-md-4&#8243;][vc_image_caption image=&#8221;1196&#8243; overlay_mobile=&#8221;yes&#8221; style=&#8221;style_2&#8243; caption_appear=&#8221;caption_disappear&#8221; skin=&#8221;light&#8221; scheme=&#8221;colorful&#8221; shadow=&#8221;shadow_small&#8221; radius=&#8221;0&#8243; title=&#8221;D\u00e9coupe laser&#8221; description=&#8221;&#8221; img_link=&#8221;page_link&#8221; preloader=&#8221;&#8221; css_animation=&#8221;&#8221; link=&#8221;url:https%3A%2F%2Fcorlacortelaser.com%2Ffr%2Fservices%2Fdecoupe-laser-industrielle%2F|title:D%C3%A9coupe%20laser%20industrielle&#8221; bg_color=&#8221;{&#8220;solid&#8220;:{&#8220;id&#8220;:&#8220;custom_color&#8220;,&#8220;color&#8220;:&#8220;rgba(20,29,44,0.6)&#8220;}}&#8221;][\/vc_column_inner][vc_column_inner el_design=&#8221;{&#8220;desktop&#8220;:{&#8220;padding-top&#8220;:&#8220;15&#8220;,&#8220;padding-right&#8220;:&#8220;15&#8220;,&#8220;padding-bottom&#8220;:&#8220;15&#8220;,&#8220;padding-left&#8220;:&#8220;15&#8220;}}&#8221; width=&#8221;1\/4&#8243; css_animation=&#8221;&#8221; offset=&#8221;vc_col-md-4&#8243;][vc_image_caption image=&#8221;1198&#8243; overlay_mobile=&#8221;yes&#8221; style=&#8221;style_2&#8243; caption_appear=&#8221;caption_disappear&#8221; skin=&#8221;light&#8221; scheme=&#8221;colorful&#8221; shadow=&#8221;shadow_small&#8221; radius=&#8221;0&#8243; title=&#8221;Pliage&#8221; description=&#8221;&#8221; img_link=&#8221;page_link&#8221; preloader=&#8221;&#8221; css_animation=&#8221;&#8221; link=&#8221;url:https%3A%2F%2Fcorlacortelaser.com%2Ffr%2Fservices%2Fpliage%2F|title:Pliage&#8221; bg_color=&#8221;{&#8220;solid&#8220;:{&#8220;id&#8220;:&#8220;custom_color&#8220;,&#8220;color&#8220;:&#8220;rgba(20,29,44,0.6)&#8220;}}&#8221;][\/vc_column_inner][vc_column_inner el_design=&#8221;{&#8220;desktop&#8220;:{&#8220;padding-top&#8220;:&#8220;15&#8220;,&#8220;padding-right&#8220;:&#8220;15&#8220;,&#8220;padding-bottom&#8220;:&#8220;15&#8220;,&#8220;padding-left&#8220;:&#8220;15&#8220;}}&#8221; width=&#8221;1\/4&#8243; css_animation=&#8221;&#8221; offset=&#8221;vc_col-md-4&#8243;][vc_image_caption image=&#8221;1847&#8243; overlay_mobile=&#8221;yes&#8221; style=&#8221;style_2&#8243; caption_appear=&#8221;caption_disappear&#8221; skin=&#8221;light&#8221; [&hellip;]<\/p>\n","protected":false},"author":1,"featured_media":0,"parent":0,"menu_order":2,"comment_status":"closed","ping_status":"closed","template":"","meta":{"footnotes":""},"class_list":["post-1494","page","type-page","status-publish","hentry"],"yoast_head":"<!-- This site is optimized with the Yoast SEO plugin v27.3 - https:\/\/yoast.com\/product\/yoast-seo-wordpress\/ -->\n<title>D\u00e9coupe laser de tout mat\u00e9riau et autres proc\u00e9d\u00e9s compl\u00e9mentaires<\/title>\n<meta name=\"description\" content=\"Plus de 20 ans d\u2019exp\u00e9rience dans la d\u00e9coupe laser industrielle et autres proc\u00e9d\u00e9s compl\u00e9mentaires pour la fabrication de toutes sortes de pi\u00e8ces.\" \/>\n<meta name=\"robots\" content=\"index, follow, max-snippet:-1, max-image-preview:large, max-video-preview:-1\" \/>\n<link rel=\"canonical\" href=\"https:\/\/corlacortelaser.com\/fr\/services\/\" \/>\n<meta property=\"og:locale\" content=\"fr_FR\" \/>\n<meta property=\"og:type\" content=\"article\" \/>\n<meta property=\"og:title\" content=\"D\u00e9coupe laser de tout mat\u00e9riau et autres proc\u00e9d\u00e9s compl\u00e9mentaires\" \/>\n<meta property=\"og:description\" content=\"Plus de 20 ans d\u2019exp\u00e9rience dans la d\u00e9coupe laser industrielle et autres proc\u00e9d\u00e9s compl\u00e9mentaires pour la fabrication de toutes sortes de pi\u00e8ces.\" \/>\n<meta property=\"og:url\" content=\"https:\/\/corlacortelaser.com\/fr\/services\/\" \/>\n<meta property=\"og:site_name\" content=\"CORLA\" \/>\n<meta property=\"article:modified_time\" content=\"2023-06-28T09:56:15+00:00\" \/>\n<meta name=\"twitter:card\" content=\"summary_large_image\" \/>\n<meta name=\"twitter:label1\" content=\"Dur\u00e9e de lecture estim\u00e9e\" \/>\n\t<meta name=\"twitter:data1\" content=\"1 minute\" \/>\n<script type=\"application\/ld+json\" class=\"yoast-schema-graph\">{\"@context\":\"https:\\\/\\\/schema.org\",\"@graph\":[{\"@type\":\"WebPage\",\"@id\":\"https:\\\/\\\/corlacortelaser.com\\\/fr\\\/services\\\/\",\"url\":\"https:\\\/\\\/corlacortelaser.com\\\/fr\\\/services\\\/\",\"name\":\"D\u00e9coupe laser de tout mat\u00e9riau et autres proc\u00e9d\u00e9s compl\u00e9mentaires\",\"isPartOf\":{\"@id\":\"https:\\\/\\\/corlacortelaser.com\\\/#website\"},\"datePublished\":\"2021-03-08T10:45:53+00:00\",\"dateModified\":\"2023-06-28T09:56:15+00:00\",\"description\":\"Plus de 20 ans d\u2019exp\u00e9rience dans la d\u00e9coupe laser industrielle et autres proc\u00e9d\u00e9s compl\u00e9mentaires pour la fabrication de toutes sortes de pi\u00e8ces.\",\"breadcrumb\":{\"@id\":\"https:\\\/\\\/corlacortelaser.com\\\/fr\\\/services\\\/#breadcrumb\"},\"inLanguage\":\"fr-FR\",\"potentialAction\":[{\"@type\":\"ReadAction\",\"target\":[\"https:\\\/\\\/corlacortelaser.com\\\/fr\\\/services\\\/\"]}]},{\"@type\":\"BreadcrumbList\",\"@id\":\"https:\\\/\\\/corlacortelaser.com\\\/fr\\\/services\\\/#breadcrumb\",\"itemListElement\":[{\"@type\":\"ListItem\",\"position\":1,\"name\":\"Portada\",\"item\":\"https:\\\/\\\/corlacortelaser.com\\\/fr\\\/\"},{\"@type\":\"ListItem\",\"position\":2,\"name\":\"Services\"}]},{\"@type\":\"WebSite\",\"@id\":\"https:\\\/\\\/corlacortelaser.com\\\/#website\",\"url\":\"https:\\\/\\\/corlacortelaser.com\\\/\",\"name\":\"CORLA\",\"description\":\"m\u00e1s que Corte L\u00e1ser Industrial\",\"publisher\":{\"@id\":\"https:\\\/\\\/corlacortelaser.com\\\/#organization\"},\"potentialAction\":[{\"@type\":\"SearchAction\",\"target\":{\"@type\":\"EntryPoint\",\"urlTemplate\":\"https:\\\/\\\/corlacortelaser.com\\\/?s={search_term_string}\"},\"query-input\":{\"@type\":\"PropertyValueSpecification\",\"valueRequired\":true,\"valueName\":\"search_term_string\"}}],\"inLanguage\":\"fr-FR\"},{\"@type\":\"Organization\",\"@id\":\"https:\\\/\\\/corlacortelaser.com\\\/#organization\",\"name\":\"CORLA\",\"url\":\"https:\\\/\\\/corlacortelaser.com\\\/\",\"logo\":{\"@type\":\"ImageObject\",\"inLanguage\":\"fr-FR\",\"@id\":\"https:\\\/\\\/corlacortelaser.com\\\/#\\\/schema\\\/logo\\\/image\\\/\",\"url\":\"https:\\\/\\\/corlacortelaser.com\\\/wp-content\\\/uploads\\\/corla.png\",\"contentUrl\":\"https:\\\/\\\/corlacortelaser.com\\\/wp-content\\\/uploads\\\/corla.png\",\"width\":700,\"height\":700,\"caption\":\"CORLA\"},\"image\":{\"@id\":\"https:\\\/\\\/corlacortelaser.com\\\/#\\\/schema\\\/logo\\\/image\\\/\"},\"sameAs\":[\"https:\\\/\\\/www.linkedin.com\\\/in\\\/corlacortelaser\\\/\"]}]}<\/script>\n<!-- \/ Yoast SEO plugin. -->","yoast_head_json":{"title":"D\u00e9coupe laser de tout mat\u00e9riau et autres proc\u00e9d\u00e9s compl\u00e9mentaires","description":"Plus de 20 ans d\u2019exp\u00e9rience dans la d\u00e9coupe laser industrielle et autres proc\u00e9d\u00e9s compl\u00e9mentaires pour la fabrication de toutes sortes de pi\u00e8ces.","robots":{"index":"index","follow":"follow","max-snippet":"max-snippet:-1","max-image-preview":"max-image-preview:large","max-video-preview":"max-video-preview:-1"},"canonical":"https:\/\/corlacortelaser.com\/fr\/services\/","og_locale":"fr_FR","og_type":"article","og_title":"D\u00e9coupe laser de tout mat\u00e9riau et autres proc\u00e9d\u00e9s compl\u00e9mentaires","og_description":"Plus de 20 ans d\u2019exp\u00e9rience dans la d\u00e9coupe laser industrielle et autres proc\u00e9d\u00e9s compl\u00e9mentaires pour la fabrication de toutes sortes de pi\u00e8ces.","og_url":"https:\/\/corlacortelaser.com\/fr\/services\/","og_site_name":"CORLA","article_modified_time":"2023-06-28T09:56:15+00:00","twitter_card":"summary_large_image","twitter_misc":{"Dur\u00e9e de lecture estim\u00e9e":"1 minute"},"schema":{"@context":"https:\/\/schema.org","@graph":[{"@type":"WebPage","@id":"https:\/\/corlacortelaser.com\/fr\/services\/","url":"https:\/\/corlacortelaser.com\/fr\/services\/","name":"D\u00e9coupe laser de tout mat\u00e9riau et autres proc\u00e9d\u00e9s compl\u00e9mentaires","isPartOf":{"@id":"https:\/\/corlacortelaser.com\/#website"},"datePublished":"2021-03-08T10:45:53+00:00","dateModified":"2023-06-28T09:56:15+00:00","description":"Plus de 20 ans d\u2019exp\u00e9rience dans la d\u00e9coupe laser industrielle et autres proc\u00e9d\u00e9s compl\u00e9mentaires pour la fabrication de toutes sortes de pi\u00e8ces.","breadcrumb":{"@id":"https:\/\/corlacortelaser.com\/fr\/services\/#breadcrumb"},"inLanguage":"fr-FR","potentialAction":[{"@type":"ReadAction","target":["https:\/\/corlacortelaser.com\/fr\/services\/"]}]},{"@type":"BreadcrumbList","@id":"https:\/\/corlacortelaser.com\/fr\/services\/#breadcrumb","itemListElement":[{"@type":"ListItem","position":1,"name":"Portada","item":"https:\/\/corlacortelaser.com\/fr\/"},{"@type":"ListItem","position":2,"name":"Services"}]},{"@type":"WebSite","@id":"https:\/\/corlacortelaser.com\/#website","url":"https:\/\/corlacortelaser.com\/","name":"CORLA","description":"m\u00e1s que Corte L\u00e1ser Industrial","publisher":{"@id":"https:\/\/corlacortelaser.com\/#organization"},"potentialAction":[{"@type":"SearchAction","target":{"@type":"EntryPoint","urlTemplate":"https:\/\/corlacortelaser.com\/?s={search_term_string}"},"query-input":{"@type":"PropertyValueSpecification","valueRequired":true,"valueName":"search_term_string"}}],"inLanguage":"fr-FR"},{"@type":"Organization","@id":"https:\/\/corlacortelaser.com\/#organization","name":"CORLA","url":"https:\/\/corlacortelaser.com\/","logo":{"@type":"ImageObject","inLanguage":"fr-FR","@id":"https:\/\/corlacortelaser.com\/#\/schema\/logo\/image\/","url":"https:\/\/corlacortelaser.com\/wp-content\/uploads\/corla.png","contentUrl":"https:\/\/corlacortelaser.com\/wp-content\/uploads\/corla.png","width":700,"height":700,"caption":"CORLA"},"image":{"@id":"https:\/\/corlacortelaser.com\/#\/schema\/logo\/image\/"},"sameAs":["https:\/\/www.linkedin.com\/in\/corlacortelaser\/"]}]}},"_links":{"self":[{"href":"https:\/\/corlacortelaser.com\/fr\/wp-json\/wp\/v2\/pages\/1494","targetHints":{"allow":["GET"]}}],"collection":[{"href":"https:\/\/corlacortelaser.com\/fr\/wp-json\/wp\/v2\/pages"}],"about":[{"href":"https:\/\/corlacortelaser.com\/fr\/wp-json\/wp\/v2\/types\/page"}],"author":[{"embeddable":true,"href":"https:\/\/corlacortelaser.com\/fr\/wp-json\/wp\/v2\/users\/1"}],"replies":[{"embeddable":true,"href":"https:\/\/corlacortelaser.com\/fr\/wp-json\/wp\/v2\/comments?post=1494"}],"version-history":[{"count":7,"href":"https:\/\/corlacortelaser.com\/fr\/wp-json\/wp\/v2\/pages\/1494\/revisions"}],"predecessor-version":[{"id":1872,"href":"https:\/\/corlacortelaser.com\/fr\/wp-json\/wp\/v2\/pages\/1494\/revisions\/1872"}],"wp:attachment":[{"href":"https:\/\/corlacortelaser.com\/fr\/wp-json\/wp\/v2\/media?parent=1494"}],"curies":[{"name":"wp","href":"https:\/\/api.w.org\/{rel}","templated":true}]}}