{"id":1519,"date":"2021-03-11T14:23:02","date_gmt":"2021-03-11T13:23:02","guid":{"rendered":"https:\/\/corlacortelaser.com\/calidad\/"},"modified":"2025-02-07T10:57:21","modified_gmt":"2025-02-07T09:57:21","slug":"qualite","status":"publish","type":"page","link":"https:\/\/corlacortelaser.com\/fr\/qualite\/","title":{"rendered":"Qualit\u00e9"},"content":{"rendered":"<div class=\"wpb-content-wrapper\"><p>[vc_row nav_skin=&#8221;light&#8221; consent_include=&#8221;include&#8221; custom_bg_color=&#8221;{&#8220;solid&#8220;:{&#8220;id&#8220;:&#8220;Light background&#8220;,&#8220;color&#8220;:&#8220;#f9fafb&#8220;}}&#8221; el_design=&#8221;{&#8220;desktop&#8220;:{&#8220;padding-top&#8220;:&#8220;130&#8220;,&#8220;padding-bottom&#8220;:&#8220;100&#8220;}}&#8221;][vc_column css_animation=&#8221;&#8221;][vc_heading heading_text=&#8221;Qualit\u00e9 certifi\u00e9e&#8221; heading_wrapper=&#8221;p&#8221; alignment=&#8221;align_center&#8221; heading_color=&#8221;{&#8220;solid&#8220;:{&#8220;id&#8220;:&#8220;custom_1919533005111031&#8220;,&#8220;color&#8220;:&#8220;#141d2c&#8220;}}&#8221; heading_typography=&#8221;{&#8220;variants&#8220;:&#8220;300&#8220;,&#8220;transform&#8220;:&#8220;uppercase&#8220;,&#8220;font_size&#8220;:&#8220;30px&#8220;,&#8220;letter_spacing&#8220;:&#8220;10px&#8220;}&#8221; css_animation=&#8221;&#8221;][vc_empty_space height=&#8221;10px&#8221;][vc_separator align=&#8221;none&#8221; line_color=&#8221;{&#8220;id&#8220;:&#8220;custom_1919533005111031&#8220;,&#8220;color&#8220;:&#8220;#141d2c&#8220;}&#8221; width=&#8221;30%&#8221; height=&#8221;2px&#8221; css_animation=&#8221;wtbx-anim-fade-in&#8221; css_animation_easing=&#8221;wtbx_easing-natural&#8221; css_animation_duration=&#8221;wtbx-duration-1000&#8243; css_animation_delay=&#8221;&#8221;][vc_row_inner content_placement=&#8221;middle&#8221; consent_include=&#8221;include&#8221; equal_height=&#8221;true&#8221; el_design=&#8221;{&#8220;desktop&#8220;:{&#8220;margin-top&#8220;:&#8220;30&#8220;}}&#8221;][vc_column_inner width=&#8221;1\/4&#8243; css_animation=&#8221;&#8221;][vc_empty_space height=&#8221;40px&#8221;][vc_icon size=&#8221;15em&#8221; cont_size=&#8221;1em&#8221; align=&#8221;wtbx_align_center&#8221; css_animation=&#8221;&#8221; icon=&#8221;{&#8220;font&#8220;:&#8220;scape-controls&#8220;,&#8220;icon&#8220;:&#8220;scape-controls-Done-Bookmark&#8220;}&#8221; icon_color=&#8221;{&#8220;solid&#8220;:{&#8220;id&#8220;:&#8220;custom_0115190616506819&#8220;,&#8220;color&#8220;:&#8220;#2b3443&#8220;}}&#8221;][\/vc_column_inner][vc_column_inner width=&#8221;3\/4&#8243; css_animation=&#8221;&#8221;][vc_text_element css_animation=&#8221;&#8221;]Nous partons du principe que notre travail est un bon travail et c\u2019est pourquoi nous souhaitons le certifier avec les documents qui l\u2019accr\u00e9ditent.<\/p>\n<p>\u00c0 cet effet nous d\u00e9tenons le certificat de qualit\u00e9 ISO 9001:2015 d\u00e9livr\u00e9 par AENOR, entit\u00e9 leader de certification des syst\u00e8mes de gestion, des produits et des services.[\/vc_text_element][vc_empty_space][vc_button_default title=&#8221;Voir certificat&#8221; style=&#8221;primary&#8221; size=&#8221;5&#8243; display=&#8221;display_block&#8221; button_align=&#8221;btn_align_left&#8221; css_animation=&#8221;&#8221; link=&#8221;url:https%3A%2F%2Fcorlacortelaser.com%2Fwp-content%2Fuploads%2FCertificado-calidad-CORLA.pdf|target:_blank|rel:nofollow&#8221; icon=&#8221;{&#8220;font&#8220;:&#8220;scape-basic&#8220;,&#8220;icon&#8220;:&#8220;scape-basic-File-2&#8220;}&#8221;][\/vc_column_inner][\/vc_row_inner][\/vc_column][\/vc_row]<\/p>\n<\/div>","protected":false},"excerpt":{"rendered":"<p>[vc_row nav_skin=&#8221;light&#8221; consent_include=&#8221;include&#8221; custom_bg_color=&#8221;{&#8220;solid&#8220;:{&#8220;id&#8220;:&#8220;Light background&#8220;,&#8220;color&#8220;:&#8220;#f9fafb&#8220;}}&#8221; el_design=&#8221;{&#8220;desktop&#8220;:{&#8220;padding-top&#8220;:&#8220;130&#8220;,&#8220;padding-bottom&#8220;:&#8220;100&#8220;}}&#8221;][vc_column css_animation=&#8221;&#8221;][vc_heading heading_text=&#8221;Qualit\u00e9 certifi\u00e9e&#8221; heading_wrapper=&#8221;p&#8221; alignment=&#8221;align_center&#8221; heading_color=&#8221;{&#8220;solid&#8220;:{&#8220;id&#8220;:&#8220;custom_1919533005111031&#8220;,&#8220;color&#8220;:&#8220;#141d2c&#8220;}}&#8221; heading_typography=&#8221;{&#8220;variants&#8220;:&#8220;300&#8220;,&#8220;transform&#8220;:&#8220;uppercase&#8220;,&#8220;font_size&#8220;:&#8220;30px&#8220;,&#8220;letter_spacing&#8220;:&#8220;10px&#8220;}&#8221; css_animation=&#8221;&#8221;][vc_empty_space height=&#8221;10px&#8221;][vc_separator align=&#8221;none&#8221; line_color=&#8221;{&#8220;id&#8220;:&#8220;custom_1919533005111031&#8220;,&#8220;color&#8220;:&#8220;#141d2c&#8220;}&#8221; width=&#8221;30%&#8221; height=&#8221;2px&#8221; css_animation=&#8221;wtbx-anim-fade-in&#8221; css_animation_easing=&#8221;wtbx_easing-natural&#8221; css_animation_duration=&#8221;wtbx-duration-1000&#8243; css_animation_delay=&#8221;&#8221;][vc_row_inner content_placement=&#8221;middle&#8221; consent_include=&#8221;include&#8221; equal_height=&#8221;true&#8221; el_design=&#8221;{&#8220;desktop&#8220;:{&#8220;margin-top&#8220;:&#8220;30&#8220;}}&#8221;][vc_column_inner width=&#8221;1\/4&#8243; css_animation=&#8221;&#8221;][vc_empty_space height=&#8221;40px&#8221;][vc_icon size=&#8221;15em&#8221; cont_size=&#8221;1em&#8221; align=&#8221;wtbx_align_center&#8221; css_animation=&#8221;&#8221; icon=&#8221;{&#8220;font&#8220;:&#8220;scape-controls&#8220;,&#8220;icon&#8220;:&#8220;scape-controls-Done-Bookmark&#8220;}&#8221; icon_color=&#8221;{&#8220;solid&#8220;:{&#8220;id&#8220;:&#8220;custom_0115190616506819&#8220;,&#8220;color&#8220;:&#8220;#2b3443&#8220;}}&#8221;][\/vc_column_inner][vc_column_inner width=&#8221;3\/4&#8243; css_animation=&#8221;&#8221;][vc_text_element css_animation=&#8221;&#8221;]Nous partons du principe que notre travail est un bon travail et c\u2019est pourquoi nous souhaitons le certifier avec les documents qui l\u2019accr\u00e9ditent. \u00c0 cet effet nous d\u00e9tenons le certificat de qualit\u00e9 ISO 9001:2015 d\u00e9livr\u00e9 par AENOR, [&hellip;]<\/p>\n","protected":false},"author":1,"featured_media":0,"parent":0,"menu_order":4,"comment_status":"closed","ping_status":"closed","template":"","meta":{"footnotes":""},"class_list":["post-1519","page","type-page","status-publish","hentry"],"yoast_head":"<!-- This site is optimized with the Yoast SEO plugin v27.4 - https:\/\/yoast.com\/product\/yoast-seo-wordpress\/ -->\n<title>Certificat de qualit\u00e9 en production de composants par d\u00e9coupe laser<\/title>\n<meta name=\"description\" content=\"Nous disposons d\u2019un syst\u00e8me de gestion de la qualit\u00e9 conforme \u00e0 la norme ISO 9001:2015 en production de composants m\u00e9talliques par d\u00e9coupe laser\" \/>\n<meta name=\"robots\" content=\"index, follow, max-snippet:-1, max-image-preview:large, max-video-preview:-1\" \/>\n<link rel=\"canonical\" href=\"https:\/\/corlacortelaser.com\/fr\/qualite\/\" \/>\n<meta property=\"og:locale\" content=\"fr_FR\" \/>\n<meta property=\"og:type\" content=\"article\" \/>\n<meta property=\"og:title\" content=\"Certificat de qualit\u00e9 en production de composants par d\u00e9coupe laser\" \/>\n<meta property=\"og:description\" content=\"Nous disposons d\u2019un syst\u00e8me de gestion de la qualit\u00e9 conforme \u00e0 la norme ISO 9001:2015 en production de composants m\u00e9talliques par d\u00e9coupe laser\" \/>\n<meta property=\"og:url\" content=\"https:\/\/corlacortelaser.com\/fr\/qualite\/\" \/>\n<meta property=\"og:site_name\" content=\"CORLA\" \/>\n<meta property=\"article:modified_time\" content=\"2025-02-07T09:57:21+00:00\" \/>\n<meta name=\"twitter:card\" content=\"summary_large_image\" \/>\n<meta name=\"twitter:label1\" content=\"Dur\u00e9e de lecture estim\u00e9e\" \/>\n\t<meta name=\"twitter:data1\" content=\"1 minute\" \/>\n<script type=\"application\/ld+json\" class=\"yoast-schema-graph\">{\"@context\":\"https:\\\/\\\/schema.org\",\"@graph\":[{\"@type\":\"WebPage\",\"@id\":\"https:\\\/\\\/corlacortelaser.com\\\/fr\\\/qualite\\\/\",\"url\":\"https:\\\/\\\/corlacortelaser.com\\\/fr\\\/qualite\\\/\",\"name\":\"Certificat de qualit\u00e9 en production de composants par d\u00e9coupe laser\",\"isPartOf\":{\"@id\":\"https:\\\/\\\/corlacortelaser.com\\\/#website\"},\"datePublished\":\"2021-03-11T13:23:02+00:00\",\"dateModified\":\"2025-02-07T09:57:21+00:00\",\"description\":\"Nous disposons d\u2019un syst\u00e8me de gestion de la qualit\u00e9 conforme \u00e0 la norme ISO 9001:2015 en production de composants m\u00e9talliques par d\u00e9coupe laser\",\"breadcrumb\":{\"@id\":\"https:\\\/\\\/corlacortelaser.com\\\/fr\\\/qualite\\\/#breadcrumb\"},\"inLanguage\":\"fr-FR\",\"potentialAction\":[{\"@type\":\"ReadAction\",\"target\":[\"https:\\\/\\\/corlacortelaser.com\\\/fr\\\/qualite\\\/\"]}]},{\"@type\":\"BreadcrumbList\",\"@id\":\"https:\\\/\\\/corlacortelaser.com\\\/fr\\\/qualite\\\/#breadcrumb\",\"itemListElement\":[{\"@type\":\"ListItem\",\"position\":1,\"name\":\"Portada\",\"item\":\"https:\\\/\\\/corlacortelaser.com\\\/fr\\\/\"},{\"@type\":\"ListItem\",\"position\":2,\"name\":\"Qualit\u00e9\"}]},{\"@type\":\"WebSite\",\"@id\":\"https:\\\/\\\/corlacortelaser.com\\\/#website\",\"url\":\"https:\\\/\\\/corlacortelaser.com\\\/\",\"name\":\"CORLA\",\"description\":\"m\u00e1s que Corte L\u00e1ser Industrial\",\"publisher\":{\"@id\":\"https:\\\/\\\/corlacortelaser.com\\\/#organization\"},\"potentialAction\":[{\"@type\":\"SearchAction\",\"target\":{\"@type\":\"EntryPoint\",\"urlTemplate\":\"https:\\\/\\\/corlacortelaser.com\\\/?s={search_term_string}\"},\"query-input\":{\"@type\":\"PropertyValueSpecification\",\"valueRequired\":true,\"valueName\":\"search_term_string\"}}],\"inLanguage\":\"fr-FR\"},{\"@type\":\"Organization\",\"@id\":\"https:\\\/\\\/corlacortelaser.com\\\/#organization\",\"name\":\"CORLA\",\"url\":\"https:\\\/\\\/corlacortelaser.com\\\/\",\"logo\":{\"@type\":\"ImageObject\",\"inLanguage\":\"fr-FR\",\"@id\":\"https:\\\/\\\/corlacortelaser.com\\\/#\\\/schema\\\/logo\\\/image\\\/\",\"url\":\"https:\\\/\\\/corlacortelaser.com\\\/wp-content\\\/uploads\\\/corla.png\",\"contentUrl\":\"https:\\\/\\\/corlacortelaser.com\\\/wp-content\\\/uploads\\\/corla.png\",\"width\":700,\"height\":700,\"caption\":\"CORLA\"},\"image\":{\"@id\":\"https:\\\/\\\/corlacortelaser.com\\\/#\\\/schema\\\/logo\\\/image\\\/\"},\"sameAs\":[\"https:\\\/\\\/www.linkedin.com\\\/in\\\/corlacortelaser\\\/\"]}]}<\/script>\n<!-- \/ Yoast SEO plugin. -->","yoast_head_json":{"title":"Certificat de qualit\u00e9 en production de composants par d\u00e9coupe laser","description":"Nous disposons d\u2019un syst\u00e8me de gestion de la qualit\u00e9 conforme \u00e0 la norme ISO 9001:2015 en production de composants m\u00e9talliques par d\u00e9coupe laser","robots":{"index":"index","follow":"follow","max-snippet":"max-snippet:-1","max-image-preview":"max-image-preview:large","max-video-preview":"max-video-preview:-1"},"canonical":"https:\/\/corlacortelaser.com\/fr\/qualite\/","og_locale":"fr_FR","og_type":"article","og_title":"Certificat de qualit\u00e9 en production de composants par d\u00e9coupe laser","og_description":"Nous disposons d\u2019un syst\u00e8me de gestion de la qualit\u00e9 conforme \u00e0 la norme ISO 9001:2015 en production de composants m\u00e9talliques par d\u00e9coupe laser","og_url":"https:\/\/corlacortelaser.com\/fr\/qualite\/","og_site_name":"CORLA","article_modified_time":"2025-02-07T09:57:21+00:00","twitter_card":"summary_large_image","twitter_misc":{"Dur\u00e9e de lecture estim\u00e9e":"1 minute"},"schema":{"@context":"https:\/\/schema.org","@graph":[{"@type":"WebPage","@id":"https:\/\/corlacortelaser.com\/fr\/qualite\/","url":"https:\/\/corlacortelaser.com\/fr\/qualite\/","name":"Certificat de qualit\u00e9 en production de composants par d\u00e9coupe laser","isPartOf":{"@id":"https:\/\/corlacortelaser.com\/#website"},"datePublished":"2021-03-11T13:23:02+00:00","dateModified":"2025-02-07T09:57:21+00:00","description":"Nous disposons d\u2019un syst\u00e8me de gestion de la qualit\u00e9 conforme \u00e0 la norme ISO 9001:2015 en production de composants m\u00e9talliques par d\u00e9coupe laser","breadcrumb":{"@id":"https:\/\/corlacortelaser.com\/fr\/qualite\/#breadcrumb"},"inLanguage":"fr-FR","potentialAction":[{"@type":"ReadAction","target":["https:\/\/corlacortelaser.com\/fr\/qualite\/"]}]},{"@type":"BreadcrumbList","@id":"https:\/\/corlacortelaser.com\/fr\/qualite\/#breadcrumb","itemListElement":[{"@type":"ListItem","position":1,"name":"Portada","item":"https:\/\/corlacortelaser.com\/fr\/"},{"@type":"ListItem","position":2,"name":"Qualit\u00e9"}]},{"@type":"WebSite","@id":"https:\/\/corlacortelaser.com\/#website","url":"https:\/\/corlacortelaser.com\/","name":"CORLA","description":"m\u00e1s que Corte L\u00e1ser Industrial","publisher":{"@id":"https:\/\/corlacortelaser.com\/#organization"},"potentialAction":[{"@type":"SearchAction","target":{"@type":"EntryPoint","urlTemplate":"https:\/\/corlacortelaser.com\/?s={search_term_string}"},"query-input":{"@type":"PropertyValueSpecification","valueRequired":true,"valueName":"search_term_string"}}],"inLanguage":"fr-FR"},{"@type":"Organization","@id":"https:\/\/corlacortelaser.com\/#organization","name":"CORLA","url":"https:\/\/corlacortelaser.com\/","logo":{"@type":"ImageObject","inLanguage":"fr-FR","@id":"https:\/\/corlacortelaser.com\/#\/schema\/logo\/image\/","url":"https:\/\/corlacortelaser.com\/wp-content\/uploads\/corla.png","contentUrl":"https:\/\/corlacortelaser.com\/wp-content\/uploads\/corla.png","width":700,"height":700,"caption":"CORLA"},"image":{"@id":"https:\/\/corlacortelaser.com\/#\/schema\/logo\/image\/"},"sameAs":["https:\/\/www.linkedin.com\/in\/corlacortelaser\/"]}]}},"_links":{"self":[{"href":"https:\/\/corlacortelaser.com\/fr\/wp-json\/wp\/v2\/pages\/1519","targetHints":{"allow":["GET"]}}],"collection":[{"href":"https:\/\/corlacortelaser.com\/fr\/wp-json\/wp\/v2\/pages"}],"about":[{"href":"https:\/\/corlacortelaser.com\/fr\/wp-json\/wp\/v2\/types\/page"}],"author":[{"embeddable":true,"href":"https:\/\/corlacortelaser.com\/fr\/wp-json\/wp\/v2\/users\/1"}],"replies":[{"embeddable":true,"href":"https:\/\/corlacortelaser.com\/fr\/wp-json\/wp\/v2\/comments?post=1519"}],"version-history":[{"count":5,"href":"https:\/\/corlacortelaser.com\/fr\/wp-json\/wp\/v2\/pages\/1519\/revisions"}],"predecessor-version":[{"id":1983,"href":"https:\/\/corlacortelaser.com\/fr\/wp-json\/wp\/v2\/pages\/1519\/revisions\/1983"}],"wp:attachment":[{"href":"https:\/\/corlacortelaser.com\/fr\/wp-json\/wp\/v2\/media?parent=1519"}],"curies":[{"name":"wp","href":"https:\/\/api.w.org\/{rel}","templated":true}]}}