{"id":1521,"date":"2021-03-11T16:12:26","date_gmt":"2021-03-11T15:12:26","guid":{"rendered":"https:\/\/corlacortelaser.com\/contacto\/"},"modified":"2022-11-29T13:18:23","modified_gmt":"2022-11-29T12:18:23","slug":"contact","status":"publish","type":"page","link":"https:\/\/corlacortelaser.com\/fr\/contact\/","title":{"rendered":"Contact"},"content":{"rendered":"<div class=\"wpb-content-wrapper\"><p>[vc_row nav_skin=&#8221;light&#8221; consent_include=&#8221;include&#8221; custom_bg_color=&#8221;{&#8220;solid&#8220;:{&#8220;id&#8220;:&#8220;Light background&#8220;,&#8220;color&#8220;:&#8220;#f9fafb&#8220;}}&#8221; el_design=&#8221;{&#8220;desktop&#8220;:{&#8220;padding-top&#8220;:&#8220;130&#8220;,&#8220;padding-bottom&#8220;:&#8220;100&#8220;}}&#8221;][vc_column css_animation=&#8221;&#8221;][vc_heading heading_text=&#8221;Contact et localisation&#8221; heading_wrapper=&#8221;p&#8221; alignment=&#8221;align_center&#8221; heading_color=&#8221;{&#8220;solid&#8220;:{&#8220;id&#8220;:&#8220;custom_1919533005111031&#8220;,&#8220;color&#8220;:&#8220;#141d2c&#8220;}}&#8221; heading_typography=&#8221;{&#8220;variants&#8220;:&#8220;300&#8220;,&#8220;transform&#8220;:&#8220;uppercase&#8220;,&#8220;font_size&#8220;:&#8220;30px&#8220;,&#8220;letter_spacing&#8220;:&#8220;10px&#8220;}&#8221; css_animation=&#8221;&#8221;][vc_empty_space height=&#8221;10px&#8221;][vc_separator align=&#8221;none&#8221; line_color=&#8221;{&#8220;id&#8220;:&#8220;custom_1919533005111031&#8220;,&#8220;color&#8220;:&#8220;#141d2c&#8220;}&#8221; width=&#8221;30%&#8221; height=&#8221;2px&#8221; css_animation=&#8221;wtbx-anim-fade-in&#8221; css_animation_easing=&#8221;wtbx_easing-natural&#8221; css_animation_duration=&#8221;wtbx-duration-1000&#8243; css_animation_delay=&#8221;&#8221;][vc_empty_space height=&#8221;80px&#8221;][vc_text_element css_animation=&#8221;&#8221;]Nous serons heureux de vous r\u00e9pondre via le formulaire de contact ou tous autres moyens de contact habituels.<br \/>\nN\u2019h\u00e9sitez pas \u00e0 nous contacter pour toute information.[\/vc_text_element][vc_row_inner consent_include=&#8221;include&#8221;][vc_column_inner el_design=&#8221;{&#8220;desktop&#8220;:{&#8220;margin-top&#8220;:&#8220;30&#8220;,&#8220;padding-top&#8220;:&#8220;-&#8220;,&#8220;padding-right&#8220;:&#8220;30&#8220;,&#8220;padding-bottom&#8220;:&#8220;-&#8220;,&#8220;padding-left&#8220;:&#8220;-&#8220;}}&#8221; width=&#8221;2\/3&#8243; css_animation=&#8221;&#8221; el_class=&#8221;cf-minimal&#8221;][vc_heading heading_text=&#8221;Formulaire de contact&#8221; heading_wrapper=&#8221;p&#8221; alignment=&#8221;align_left&#8221; heading_color=&#8221;{&#8220;solid&#8220;:{&#8220;id&#8220;:&#8220;custom_1919533005111031&#8220;,&#8220;color&#8220;:&#8220;#141d2c&#8220;}}&#8221; heading_typography=&#8221;{&#8220;variants&#8220;:&#8220;300&#8220;,&#8220;transform&#8220;:&#8220;uppercase&#8220;,&#8220;font_size&#8220;:&#8220;18px&#8220;,&#8220;letter_spacing&#8220;:&#8220;5px&#8220;}&#8221; css_animation=&#8221;&#8221;]\n<div class=\"wpcf7 no-js\" id=\"wpcf7-f1659-o1\" lang=\"es-ES\" dir=\"ltr\" data-wpcf7-id=\"1659\">\n<div class=\"screen-reader-response\"><p role=\"status\" aria-live=\"polite\" aria-atomic=\"true\"><\/p> <ul><\/ul><\/div>\n<form action=\"\/fr\/wp-json\/wp\/v2\/pages\/1521#wpcf7-f1659-o1\" method=\"post\" class=\"wpcf7-form init wpcf7-acceptance-as-validation\" aria-label=\"Formulario de contacto\" novalidate=\"novalidate\" data-status=\"init\">\n<fieldset class=\"hidden-fields-container\"><input type=\"hidden\" name=\"_wpcf7\" value=\"1659\" \/><input type=\"hidden\" name=\"_wpcf7_version\" value=\"6.1.5\" \/><input type=\"hidden\" name=\"_wpcf7_locale\" value=\"es_ES\" \/><input type=\"hidden\" name=\"_wpcf7_unit_tag\" value=\"wpcf7-f1659-o1\" \/><input type=\"hidden\" name=\"_wpcf7_container_post\" value=\"0\" \/><input type=\"hidden\" name=\"_wpcf7_posted_data_hash\" value=\"\" \/><input type=\"hidden\" name=\"_wpcf7_recaptcha_response\" value=\"\" \/>\n<\/fieldset>\n<p class=\"vc_col-sm-6\"><br \/>\n<label for=\"nombre\">Nom*<\/label><br \/>\n<span class=\"wpcf7-form-control-wrap\" data-name=\"nombre\"><input size=\"40\" maxlength=\"400\" class=\"wpcf7-form-control wpcf7-text wpcf7-validates-as-required\" aria-required=\"true\" aria-invalid=\"false\" value=\"\" type=\"text\" name=\"nombre\" \/><\/span>\n<\/p>\n<p class=\"vc_col-sm-6\"><br \/>\n<label for=\"correo\">Courrier \u00e9lectronique*<\/label><br \/>\n<span class=\"wpcf7-form-control-wrap\" data-name=\"correo\"><input size=\"40\" maxlength=\"400\" class=\"wpcf7-form-control wpcf7-email wpcf7-validates-as-required wpcf7-text wpcf7-validates-as-email\" aria-required=\"true\" aria-invalid=\"false\" value=\"\" type=\"email\" name=\"correo\" \/><\/span>\n<\/p>\n<p class=\"vc_col-sm-6\"><br \/>\n<label for=\"tel\">Tel*<\/label><br \/>\n<span class=\"wpcf7-form-control-wrap\" data-name=\"tel\"><input size=\"40\" maxlength=\"400\" class=\"wpcf7-form-control wpcf7-tel wpcf7-validates-as-required wpcf7-text wpcf7-validates-as-tel\" aria-required=\"true\" aria-invalid=\"false\" value=\"\" type=\"tel\" name=\"tel\" \/><\/span>\n<\/p>\n<p class=\"vc_col-sm-6\"><br \/>\n<label for=\"asunto\">Objet<\/label><br \/>\n<span class=\"wpcf7-form-control-wrap\" data-name=\"asunto\"><input size=\"40\" maxlength=\"400\" class=\"wpcf7-form-control wpcf7-text\" aria-invalid=\"false\" value=\"\" type=\"text\" name=\"asunto\" \/><\/span>\n<\/p>\n<p class=\"vc_col-sm-12\"><br \/>\n<label for=\"mensaje\">Message<\/label><br \/>\n<span class=\"wpcf7-form-control-wrap\" data-name=\"mensaje\"><textarea cols=\"40\" rows=\"10\" maxlength=\"2000\" class=\"wpcf7-form-control wpcf7-textarea\" aria-invalid=\"false\" name=\"mensaje\"><\/textarea><\/span>\n<\/p>\n<p class=\"vc_col-sm-12\"><span class=\"wpcf7-form-control-wrap\" data-name=\"RGPD\"><span class=\"wpcf7-form-control wpcf7-acceptance\"><span class=\"wpcf7-list-item\"><input type=\"checkbox\" name=\"RGPD\" value=\"1\" aria-invalid=\"false\" \/><\/span><\/span><\/span>J'accepte la <a href=\"\/politica-privacidad\/\" target=\"_blank\" rel=\"nofollow\">politique de confidentialit\u00e9<\/a> de Corla Corte L\u00e1ser\n<\/p>\n<p class=\"vc_col-sm-12 align-left\"><input class=\"wpcf7-form-control wpcf7-submit has-spinner\" type=\"submit\" value=\"Envoyer\" \/>\n<\/p><div class=\"wpcf7-response-output\" aria-hidden=\"true\"><\/div>\n<\/form>\n<\/div>\n[\/vc_column_inner][vc_column_inner el_design=&#8221;{&#8220;desktop&#8220;:{&#8220;margin-top&#8220;:&#8220;30&#8220;,&#8220;padding-top&#8220;:&#8220;-&#8220;,&#8220;padding-right&#8220;:&#8220;-&#8220;,&#8220;padding-bottom&#8220;:&#8220;-&#8220;,&#8220;padding-left&#8220;:&#8220;-&#8220;}}&#8221; width=&#8221;1\/3&#8243; css_animation=&#8221;&#8221;][vc_heading heading_text=&#8221;Localisation&#8221; heading_wrapper=&#8221;p&#8221; alignment=&#8221;align_left&#8221; heading_color=&#8221;{&#8220;solid&#8220;:{&#8220;id&#8220;:&#8220;custom_1919533005111031&#8220;,&#8220;color&#8220;:&#8220;#141d2c&#8220;}}&#8221; heading_typography=&#8221;{&#8220;variants&#8220;:&#8220;300&#8220;,&#8220;transform&#8220;:&#8220;uppercase&#8220;,&#8220;font_size&#8220;:&#8220;18px&#8220;,&#8220;letter_spacing&#8220;:&#8220;5px&#8220;}&#8221; css_animation=&#8221;&#8221;][vc_empty_space height=&#8221;60px&#8221;][vc_image_element image=&#8221;878&#8243; alignment=&#8221;center&#8221; shadow=&#8221;shadow_small&#8221; h_overlay=&#8221;overlay&#8221; overlay_color=&#8221;{&#8220;solid&#8220;:{&#8220;id&#8220;:&#8220;custom_color&#8220;,&#8220;color&#8220;:&#8220;rgba(236,136,40,0.7)&#8220;}}&#8221; img_link=&#8221;page_link&#8221; icon=&#8221;img_icon&#8221; icon_position=&#8221;icon_center&#8221; icon_size=&#8221;icon_large&#8221; icon_color=&#8221;light&#8221; preloader=&#8221;&#8221; css_animation=&#8221;&#8221; link=&#8221;url:https%3A%2F%2Fgoo.gl%2Fmaps%2F8HHZ7uZjsH4a4JRD6|target:_blank|rel:nofollow&#8221;][vc_empty_space height=&#8221;40px&#8221;][vc_service style=&#8221;left&#8221; heading=&#8221;&#8221; heading_typography=&#8221;{&#8220;variants&#8220;:&#8220;400&#8220;,&#8220;font_size&#8220;:&#8220;18px&#8220;,&#8220;line_height&#8220;:&#8220;1.3em&#8220;}&#8221; css_animation=&#8221;&#8221; icon=&#8221;{&#8220;font&#8220;:&#8220;scape-basic&#8220;,&#8220;icon&#8220;:&#8220;scape-basic-Location-2&#8220;}&#8221; bullet_color=&#8221;{&#8220;solid&#8220;:{&#8220;id&#8220;:&#8220;Dark color&#8220;,&#8220;color&#8220;:&#8220;#171b27&#8220;}}&#8221;]C\/ Besaide, 9<br \/>\n48230 Elorrio (Bizkaia)[\/vc_service][vc_empty_space height=&#8221;20px&#8221;][vc_service style=&#8221;left&#8221; heading=&#8221;&#8221; heading_typography=&#8221;{&#8220;variants&#8220;:&#8220;400&#8220;,&#8220;font_size&#8220;:&#8220;18px&#8220;}&#8221; css_animation=&#8221;&#8221; icon=&#8221;{&#8220;font&#8220;:&#8220;scape-basic&#8220;,&#8220;icon&#8220;:&#8220;scape-basic-Phone&#8220;}&#8221; bullet_color=&#8221;{&#8220;solid&#8220;:{&#8220;id&#8220;:&#8220;Dark color&#8220;,&#8220;color&#8220;:&#8220;#171b27&#8220;}}&#8221;](+34) 94 622 55 80[\/vc_service][\/vc_column_inner][\/vc_row_inner][\/vc_column][\/vc_row]<\/p>\n<\/div>","protected":false},"excerpt":{"rendered":"<p>[vc_row nav_skin=&#8221;light&#8221; consent_include=&#8221;include&#8221; custom_bg_color=&#8221;{&#8220;solid&#8220;:{&#8220;id&#8220;:&#8220;Light background&#8220;,&#8220;color&#8220;:&#8220;#f9fafb&#8220;}}&#8221; el_design=&#8221;{&#8220;desktop&#8220;:{&#8220;padding-top&#8220;:&#8220;130&#8220;,&#8220;padding-bottom&#8220;:&#8220;100&#8220;}}&#8221;][vc_column css_animation=&#8221;&#8221;][vc_heading heading_text=&#8221;Contact et localisation&#8221; heading_wrapper=&#8221;p&#8221; alignment=&#8221;align_center&#8221; heading_color=&#8221;{&#8220;solid&#8220;:{&#8220;id&#8220;:&#8220;custom_1919533005111031&#8220;,&#8220;color&#8220;:&#8220;#141d2c&#8220;}}&#8221; heading_typography=&#8221;{&#8220;variants&#8220;:&#8220;300&#8220;,&#8220;transform&#8220;:&#8220;uppercase&#8220;,&#8220;font_size&#8220;:&#8220;30px&#8220;,&#8220;letter_spacing&#8220;:&#8220;10px&#8220;}&#8221; css_animation=&#8221;&#8221;][vc_empty_space height=&#8221;10px&#8221;][vc_separator align=&#8221;none&#8221; line_color=&#8221;{&#8220;id&#8220;:&#8220;custom_1919533005111031&#8220;,&#8220;color&#8220;:&#8220;#141d2c&#8220;}&#8221; width=&#8221;30%&#8221; height=&#8221;2px&#8221; css_animation=&#8221;wtbx-anim-fade-in&#8221; css_animation_easing=&#8221;wtbx_easing-natural&#8221; css_animation_duration=&#8221;wtbx-duration-1000&#8243; css_animation_delay=&#8221;&#8221;][vc_empty_space height=&#8221;80px&#8221;][vc_text_element css_animation=&#8221;&#8221;]Nous serons heureux de vous r\u00e9pondre via le formulaire de contact ou tous autres moyens de contact habituels. N\u2019h\u00e9sitez pas \u00e0 nous contacter pour toute information.[\/vc_text_element][vc_row_inner consent_include=&#8221;include&#8221;][vc_column_inner el_design=&#8221;{&#8220;desktop&#8220;:{&#8220;margin-top&#8220;:&#8220;30&#8220;,&#8220;padding-top&#8220;:&#8220;-&#8220;,&#8220;padding-right&#8220;:&#8220;30&#8220;,&#8220;padding-bottom&#8220;:&#8220;-&#8220;,&#8220;padding-left&#8220;:&#8220;-&#8220;}}&#8221; width=&#8221;2\/3&#8243; css_animation=&#8221;&#8221; el_class=&#8221;cf-minimal&#8221;][vc_heading heading_text=&#8221;Formulaire de contact&#8221; heading_wrapper=&#8221;p&#8221; alignment=&#8221;align_left&#8221; heading_color=&#8221;{&#8220;solid&#8220;:{&#8220;id&#8220;:&#8220;custom_1919533005111031&#8220;,&#8220;color&#8220;:&#8220;#141d2c&#8220;}}&#8221; heading_typography=&#8221;{&#8220;variants&#8220;:&#8220;300&#8220;,&#8220;transform&#8220;:&#8220;uppercase&#8220;,&#8220;font_size&#8220;:&#8220;18px&#8220;,&#8220;letter_spacing&#8220;:&#8220;5px&#8220;}&#8221; css_animation=&#8221;&#8221;][\/vc_column_inner][vc_column_inner el_design=&#8221;{&#8220;desktop&#8220;:{&#8220;margin-top&#8220;:&#8220;30&#8220;,&#8220;padding-top&#8220;:&#8220;-&#8220;,&#8220;padding-right&#8220;:&#8220;-&#8220;,&#8220;padding-bottom&#8220;:&#8220;-&#8220;,&#8220;padding-left&#8220;:&#8220;-&#8220;}}&#8221; width=&#8221;1\/3&#8243; css_animation=&#8221;&#8221;][vc_heading heading_text=&#8221;Localisation&#8221; heading_wrapper=&#8221;p&#8221; alignment=&#8221;align_left&#8221; heading_color=&#8221;{&#8220;solid&#8220;:{&#8220;id&#8220;:&#8220;custom_1919533005111031&#8220;,&#8220;color&#8220;:&#8220;#141d2c&#8220;}}&#8221; heading_typography=&#8221;{&#8220;variants&#8220;:&#8220;300&#8220;,&#8220;transform&#8220;:&#8220;uppercase&#8220;,&#8220;font_size&#8220;:&#8220;18px&#8220;,&#8220;letter_spacing&#8220;:&#8220;5px&#8220;}&#8221; css_animation=&#8221;&#8221;][vc_empty_space height=&#8221;60px&#8221;][vc_image_element image=&#8221;878&#8243; [&hellip;]<\/p>\n","protected":false},"author":1,"featured_media":0,"parent":0,"menu_order":5,"comment_status":"closed","ping_status":"closed","template":"","meta":{"footnotes":""},"class_list":["post-1521","page","type-page","status-publish","hentry"],"yoast_head":"<!-- This site is optimized with the Yoast SEO plugin v27.4 - https:\/\/yoast.com\/product\/yoast-seo-wordpress\/ -->\n<title>Contact et localisation de l\u2019entreprise CORLA Corte L\u00e1ser<\/title>\n<meta name=\"description\" content=\"Consultez les coordonn\u00e9es de contact (t\u00e9l\u00e9phone, adresse et courrier \u00e9lectronique) ainsi que la localisation de CORLA Corte L\u00e1ser\" \/>\n<meta name=\"robots\" content=\"index, follow, max-snippet:-1, max-image-preview:large, max-video-preview:-1\" \/>\n<link rel=\"canonical\" href=\"https:\/\/corlacortelaser.com\/fr\/contact\/\" \/>\n<meta property=\"og:locale\" content=\"fr_FR\" \/>\n<meta property=\"og:type\" content=\"article\" \/>\n<meta property=\"og:title\" content=\"Contact et localisation de l\u2019entreprise CORLA Corte L\u00e1ser\" \/>\n<meta property=\"og:description\" content=\"Consultez les coordonn\u00e9es de contact (t\u00e9l\u00e9phone, adresse et courrier \u00e9lectronique) ainsi que la localisation de CORLA Corte L\u00e1ser\" \/>\n<meta property=\"og:url\" content=\"https:\/\/corlacortelaser.com\/fr\/contact\/\" \/>\n<meta property=\"og:site_name\" content=\"CORLA\" \/>\n<meta property=\"article:modified_time\" content=\"2022-11-29T12:18:23+00:00\" \/>\n<meta name=\"twitter:card\" content=\"summary_large_image\" \/>\n<meta name=\"twitter:label1\" content=\"Dur\u00e9e de lecture estim\u00e9e\" \/>\n\t<meta name=\"twitter:data1\" content=\"1 minute\" \/>\n<script type=\"application\/ld+json\" class=\"yoast-schema-graph\">{\"@context\":\"https:\\\/\\\/schema.org\",\"@graph\":[{\"@type\":\"WebPage\",\"@id\":\"https:\\\/\\\/corlacortelaser.com\\\/fr\\\/contact\\\/\",\"url\":\"https:\\\/\\\/corlacortelaser.com\\\/fr\\\/contact\\\/\",\"name\":\"Contact et localisation de l\u2019entreprise CORLA Corte L\u00e1ser\",\"isPartOf\":{\"@id\":\"https:\\\/\\\/corlacortelaser.com\\\/#website\"},\"datePublished\":\"2021-03-11T15:12:26+00:00\",\"dateModified\":\"2022-11-29T12:18:23+00:00\",\"description\":\"Consultez les coordonn\u00e9es de contact (t\u00e9l\u00e9phone, adresse et courrier \u00e9lectronique) ainsi que la localisation de CORLA Corte L\u00e1ser\",\"breadcrumb\":{\"@id\":\"https:\\\/\\\/corlacortelaser.com\\\/fr\\\/contact\\\/#breadcrumb\"},\"inLanguage\":\"fr-FR\",\"potentialAction\":[{\"@type\":\"ReadAction\",\"target\":[\"https:\\\/\\\/corlacortelaser.com\\\/fr\\\/contact\\\/\"]}]},{\"@type\":\"BreadcrumbList\",\"@id\":\"https:\\\/\\\/corlacortelaser.com\\\/fr\\\/contact\\\/#breadcrumb\",\"itemListElement\":[{\"@type\":\"ListItem\",\"position\":1,\"name\":\"Portada\",\"item\":\"https:\\\/\\\/corlacortelaser.com\\\/fr\\\/\"},{\"@type\":\"ListItem\",\"position\":2,\"name\":\"Contact\"}]},{\"@type\":\"WebSite\",\"@id\":\"https:\\\/\\\/corlacortelaser.com\\\/#website\",\"url\":\"https:\\\/\\\/corlacortelaser.com\\\/\",\"name\":\"CORLA\",\"description\":\"m\u00e1s que Corte L\u00e1ser Industrial\",\"publisher\":{\"@id\":\"https:\\\/\\\/corlacortelaser.com\\\/#organization\"},\"potentialAction\":[{\"@type\":\"SearchAction\",\"target\":{\"@type\":\"EntryPoint\",\"urlTemplate\":\"https:\\\/\\\/corlacortelaser.com\\\/?s={search_term_string}\"},\"query-input\":{\"@type\":\"PropertyValueSpecification\",\"valueRequired\":true,\"valueName\":\"search_term_string\"}}],\"inLanguage\":\"fr-FR\"},{\"@type\":\"Organization\",\"@id\":\"https:\\\/\\\/corlacortelaser.com\\\/#organization\",\"name\":\"CORLA\",\"url\":\"https:\\\/\\\/corlacortelaser.com\\\/\",\"logo\":{\"@type\":\"ImageObject\",\"inLanguage\":\"fr-FR\",\"@id\":\"https:\\\/\\\/corlacortelaser.com\\\/#\\\/schema\\\/logo\\\/image\\\/\",\"url\":\"https:\\\/\\\/corlacortelaser.com\\\/wp-content\\\/uploads\\\/corla.png\",\"contentUrl\":\"https:\\\/\\\/corlacortelaser.com\\\/wp-content\\\/uploads\\\/corla.png\",\"width\":700,\"height\":700,\"caption\":\"CORLA\"},\"image\":{\"@id\":\"https:\\\/\\\/corlacortelaser.com\\\/#\\\/schema\\\/logo\\\/image\\\/\"},\"sameAs\":[\"https:\\\/\\\/www.linkedin.com\\\/in\\\/corlacortelaser\\\/\"]}]}<\/script>\n<!-- \/ Yoast SEO plugin. -->","yoast_head_json":{"title":"Contact et localisation de l\u2019entreprise CORLA Corte L\u00e1ser","description":"Consultez les coordonn\u00e9es de contact (t\u00e9l\u00e9phone, adresse et courrier \u00e9lectronique) ainsi que la localisation de CORLA Corte L\u00e1ser","robots":{"index":"index","follow":"follow","max-snippet":"max-snippet:-1","max-image-preview":"max-image-preview:large","max-video-preview":"max-video-preview:-1"},"canonical":"https:\/\/corlacortelaser.com\/fr\/contact\/","og_locale":"fr_FR","og_type":"article","og_title":"Contact et localisation de l\u2019entreprise CORLA Corte L\u00e1ser","og_description":"Consultez les coordonn\u00e9es de contact (t\u00e9l\u00e9phone, adresse et courrier \u00e9lectronique) ainsi que la localisation de CORLA Corte L\u00e1ser","og_url":"https:\/\/corlacortelaser.com\/fr\/contact\/","og_site_name":"CORLA","article_modified_time":"2022-11-29T12:18:23+00:00","twitter_card":"summary_large_image","twitter_misc":{"Dur\u00e9e de lecture estim\u00e9e":"1 minute"},"schema":{"@context":"https:\/\/schema.org","@graph":[{"@type":"WebPage","@id":"https:\/\/corlacortelaser.com\/fr\/contact\/","url":"https:\/\/corlacortelaser.com\/fr\/contact\/","name":"Contact et localisation de l\u2019entreprise CORLA Corte L\u00e1ser","isPartOf":{"@id":"https:\/\/corlacortelaser.com\/#website"},"datePublished":"2021-03-11T15:12:26+00:00","dateModified":"2022-11-29T12:18:23+00:00","description":"Consultez les coordonn\u00e9es de contact (t\u00e9l\u00e9phone, adresse et courrier \u00e9lectronique) ainsi que la localisation de CORLA Corte L\u00e1ser","breadcrumb":{"@id":"https:\/\/corlacortelaser.com\/fr\/contact\/#breadcrumb"},"inLanguage":"fr-FR","potentialAction":[{"@type":"ReadAction","target":["https:\/\/corlacortelaser.com\/fr\/contact\/"]}]},{"@type":"BreadcrumbList","@id":"https:\/\/corlacortelaser.com\/fr\/contact\/#breadcrumb","itemListElement":[{"@type":"ListItem","position":1,"name":"Portada","item":"https:\/\/corlacortelaser.com\/fr\/"},{"@type":"ListItem","position":2,"name":"Contact"}]},{"@type":"WebSite","@id":"https:\/\/corlacortelaser.com\/#website","url":"https:\/\/corlacortelaser.com\/","name":"CORLA","description":"m\u00e1s que Corte L\u00e1ser Industrial","publisher":{"@id":"https:\/\/corlacortelaser.com\/#organization"},"potentialAction":[{"@type":"SearchAction","target":{"@type":"EntryPoint","urlTemplate":"https:\/\/corlacortelaser.com\/?s={search_term_string}"},"query-input":{"@type":"PropertyValueSpecification","valueRequired":true,"valueName":"search_term_string"}}],"inLanguage":"fr-FR"},{"@type":"Organization","@id":"https:\/\/corlacortelaser.com\/#organization","name":"CORLA","url":"https:\/\/corlacortelaser.com\/","logo":{"@type":"ImageObject","inLanguage":"fr-FR","@id":"https:\/\/corlacortelaser.com\/#\/schema\/logo\/image\/","url":"https:\/\/corlacortelaser.com\/wp-content\/uploads\/corla.png","contentUrl":"https:\/\/corlacortelaser.com\/wp-content\/uploads\/corla.png","width":700,"height":700,"caption":"CORLA"},"image":{"@id":"https:\/\/corlacortelaser.com\/#\/schema\/logo\/image\/"},"sameAs":["https:\/\/www.linkedin.com\/in\/corlacortelaser\/"]}]}},"_links":{"self":[{"href":"https:\/\/corlacortelaser.com\/fr\/wp-json\/wp\/v2\/pages\/1521","targetHints":{"allow":["GET"]}}],"collection":[{"href":"https:\/\/corlacortelaser.com\/fr\/wp-json\/wp\/v2\/pages"}],"about":[{"href":"https:\/\/corlacortelaser.com\/fr\/wp-json\/wp\/v2\/types\/page"}],"author":[{"embeddable":true,"href":"https:\/\/corlacortelaser.com\/fr\/wp-json\/wp\/v2\/users\/1"}],"replies":[{"embeddable":true,"href":"https:\/\/corlacortelaser.com\/fr\/wp-json\/wp\/v2\/comments?post=1521"}],"version-history":[{"count":4,"href":"https:\/\/corlacortelaser.com\/fr\/wp-json\/wp\/v2\/pages\/1521\/revisions"}],"predecessor-version":[{"id":1660,"href":"https:\/\/corlacortelaser.com\/fr\/wp-json\/wp\/v2\/pages\/1521\/revisions\/1660"}],"wp:attachment":[{"href":"https:\/\/corlacortelaser.com\/fr\/wp-json\/wp\/v2\/media?parent=1521"}],"curies":[{"name":"wp","href":"https:\/\/api.w.org\/{rel}","templated":true}]}}