{"id":1678,"date":"2021-04-12T14:41:36","date_gmt":"2021-04-12T12:41:36","guid":{"rendered":"https:\/\/corlacortelaser.com\/politica-de-cookies\/"},"modified":"2022-11-29T15:37:31","modified_gmt":"2022-11-29T14:37:31","slug":"politique-de-cookies","status":"publish","type":"page","link":"https:\/\/corlacortelaser.com\/fr\/politique-de-cookies\/","title":{"rendered":"Politique de cookies"},"content":{"rendered":"<div class=\"wpb-content-wrapper\"><p>[vc_row nav_skin=&#8221;light&#8221; consent_include=&#8221;include&#8221; custom_bg_color=&#8221;{&#8220;solid&#8220;:{&#8220;id&#8220;:&#8220;Light background&#8220;,&#8220;color&#8220;:&#8220;#f9fafb&#8220;}}&#8221; el_design=&#8221;{&#8220;desktop&#8220;:{&#8220;padding-top&#8220;:&#8220;130&#8220;,&#8220;padding-bottom&#8220;:&#8220;100&#8220;}}&#8221;][vc_column css_animation=&#8221;&#8221;][vc_heading heading_text=&#8221;Politique de cookies&#8221; heading_wrapper=&#8221;p&#8221; alignment=&#8221;align_center&#8221; heading_color=&#8221;{&#8220;solid&#8220;:{&#8220;id&#8220;:&#8220;custom_1919533005111031&#8220;,&#8220;color&#8220;:&#8220;#141d2c&#8220;}}&#8221; heading_typography=&#8221;{&#8220;variants&#8220;:&#8220;300&#8220;,&#8220;transform&#8220;:&#8220;uppercase&#8220;,&#8220;font_size&#8220;:&#8220;30px&#8220;,&#8220;letter_spacing&#8220;:&#8220;10px&#8220;}&#8221; css_animation=&#8221;&#8221;][vc_empty_space height=&#8221;10px&#8221;][vc_separator align=&#8221;none&#8221; line_color=&#8221;{&#8220;id&#8220;:&#8220;custom_1919533005111031&#8220;,&#8220;color&#8220;:&#8220;#141d2c&#8220;}&#8221; width=&#8221;30%&#8221; height=&#8221;2px&#8221; css_animation=&#8221;wtbx-anim-fade-in&#8221; css_animation_easing=&#8221;wtbx_easing-natural&#8221; css_animation_duration=&#8221;wtbx-duration-1000&#8243; css_animation_delay=&#8221;&#8221;][vc_empty_space height=&#8221;80px&#8221;][vc_heading heading_text=&#8221;Cookies et but sur ce site&#8221; heading_wrapper=&#8221;p&#8221; alignment=&#8221;align_left&#8221; heading_color=&#8221;{&#8220;solid&#8220;:{&#8220;id&#8220;:&#8220;custom_1919533005111031&#8220;,&#8220;color&#8220;:&#8220;#141d2c&#8220;}}&#8221; heading_typography=&#8221;{&#8220;variants&#8220;:&#8220;300&#8220;,&#8220;transform&#8220;:&#8220;uppercase&#8220;,&#8220;font_size&#8220;:&#8220;24px&#8220;,&#8220;letter_spacing&#8220;:&#8220;5px&#8220;}&#8221; css_animation=&#8221;&#8221;][vc_text_element css_animation=&#8221;&#8221;]Nous vous informons que pour le bon fonctionnement du site <a href=\"https:\/\/corlacortelaser.com\/fr\/\" target=\"_blank\" rel=\"noopener\">www.corlacortelaser.com<\/a>, le syst\u00e8me de navigation utilise certaines donn\u00e9es de navigation (&#8220;Cookies&#8221;) afin d&#8217;offrir un service plus personnalis\u00e9 aux internautes. Les \u00ab cookies \u00bb sont de petits fichiers texte que le navigateur enregistre lors de la navigation sur des pages Web et des applications. Des informations peuvent \u00eatre obtenues \u00e0 partir de l&#8217;adresse IP que l&#8217;ordinateur utilise pour se connecter \u00e0 la page Web, de l&#8217;URL de la page Web demand\u00e9e, de l&#8217;heure de la connexion et d&#8217;autres param\u00e8tres li\u00e9s au syst\u00e8me d&#8217;exploitation de l&#8217;environnement informatique de l&#8217;utilisateur. Ces informations ne sont collect\u00e9es que pour identifier la session dans le but de faciliter l&#8217;analyse de la page web.<\/p>\n<p>CORLA 2013, S.L. Sur son site Web, il utilise des cookies tiers et ce sont les suivants :<\/p>\n<p>Cookies analytiques : Ce sont ceux du service propos\u00e9 par Google Analytics ; qui est un service de statistiques de pages Web propos\u00e9 par Google, Inc. Google Analytics collecte des informations \u00e0 partir de l&#8217;\u00e9quipement de l&#8217;utilisateur pour obtenir des rapports sur l&#8217;activit\u00e9 de l&#8217;application\u00a0; conserver les informations stock\u00e9es sur des serveurs aux \u00c9tats-Unis.<br \/>\nCookies stock\u00e9s par Google Maps via des cartes Google interactives, qui fournissent l&#8217;emplacement des installations de l&#8217;entreprise de mani\u00e8re utile pour les visiteurs du Web.<br \/>\nLes outils Google Maps sont utilis\u00e9s sur la base que Google respecte sa politique de confidentialit\u00e9 qui peut \u00eatre consult\u00e9e \u00e0 l&#8217;adresse <a href=\"http:\/\/www.google.es\/intl\/es\/policies\/\" target=\"_blank\" rel=\"noopener\">http:\/\/www.google.es\/intl\/es\/policies\/<\/a> et ses conditions d&#8217;utilisation de Google Maps \u00e0 l&#8217;adresse <a href=\"https:\/\/www.google.com\/intl\/es-419_ES\/help\/terms_maps.html\" target=\"_blank\" rel=\"noopener\">https:\/\/www.google.com\/intl\/es-419_ES\/help\/terms_maps.html<\/a><\/p>\n<p>Ils collectent des informations sur l&#8217;ordinateur de l&#8217;utilisateur pour obtenir des rapports sur l&#8217;activit\u00e9 des applications\u00a0; conserver les informations stock\u00e9es sur des serveurs aux \u00c9tats-Unis.<\/p>\n<p>Dans tous les cas, en cas de capture de donn\u00e9es personnelles &#8211; dans ce cas, uniquement l&#8217;adresse IP d&#8217;acc\u00e8s ; Nous vous informons que ceux-ci seront trait\u00e9s et incorpor\u00e9s dans un fichier sous la responsabilit\u00e9 de CORLA 2013, S.L. Conform\u00e9ment aux dispositions des articles 15 et 16 de la loi organique 15\/1999, du 13 d\u00e9cembre, sur la protection des donn\u00e9es personnelles, nous vous informons que vous pouvez exercer les droits d&#8217;acc\u00e8s, de rectification, d&#8217;annulation et d&#8217;opposition aupr\u00e8s de POL. INDIANA. SOLOZABAL, 9, 48250 ZALDIBAR (BIZKAIA).<\/p>\n<p>Pour refuser ou supprimer ce \u00ab cookie \u00bb, vous pouvez consulter l&#8217;adresse suivante : <a href=\"http:\/\/www.google.com\/intl\/es\/policies\/privacy\/\" target=\"_blank\" rel=\"noopener\">http:\/\/www.google.com\/intl\/es\/policies\/privacy\/<\/a>[\/vc_text_element][vc_empty_space height=&#8221;40px&#8221;][vc_heading heading_text=&#8221;D\u00e9sactiver et bloquer les cookies&#8221; heading_wrapper=&#8221;p&#8221; alignment=&#8221;align_left&#8221; heading_color=&#8221;{&#8220;solid&#8220;:{&#8220;id&#8220;:&#8220;custom_1919533005111031&#8220;,&#8220;color&#8220;:&#8220;#141d2c&#8220;}}&#8221; heading_typography=&#8221;{&#8220;variants&#8220;:&#8220;300&#8220;,&#8220;transform&#8220;:&#8220;uppercase&#8220;,&#8220;font_size&#8220;:&#8220;24px&#8220;,&#8220;letter_spacing&#8220;:&#8220;5px&#8220;}&#8221; css_animation=&#8221;&#8221;][vc_text_element css_animation=&#8221;&#8221;]Dans tous les cas, l&#8217;utilisateur peut activer l&#8217;option de son propre syst\u00e8me de navigation pour ne pas autoriser l&#8217;installation de cookies\u00a0; sans en aucun cas CORLA 2013, S.L. peut \u00eatre responsable du fait que la d\u00e9sactivation des cookies signifie que certains des services propos\u00e9s par ce site Web ne fonctionnent pas correctement.<\/p>\n<p>Dans les liens suivants, vous trouverez des instructions qui vous aideront \u00e0 configurer les param\u00e8tres des navigateurs principaux et les plus utilis\u00e9s.<\/p>\n<ul>\n<li>Internet Explorer: <a href=\"http:\/\/windows.microsoft.com\/es-es\/windows-vista\/block-or-allow-cookies\" target=\"_blank\" rel=\"noopener noreferrer\">http:\/\/windows.microsoft.com\/es-es\/windows-vista\/block-or -allow-cookies<\/a><\/li>\n<li>Google Chrome: <a href=\"https:\/\/support.google.com\/chrome\/answer\/95647?hl=es\" target=\"_blank\" rel=\"noopener noreferrer\">https:\/\/support.google.com\/chrome\/answer\/95647?hl=es<\/a><\/li>\n<li>Mozilla Firefox: <a href=\"http:\/\/support.mozilla.org\/es\/kb\/habilitar-y-deshabilitar-cookies-que-los-sitios-we\" target=\"_blank\" rel=\"noopener noreferrer\">http:\/\/support.mozilla.org\/es\/kb\/habilitar-y-deshabilitar-cookies-que-los-sitios-we<\/a><\/li>\n<li>Safari: <a href=\"https:\/\/support.apple.com\/kb\/PH21411?locale=es_ES\" target=\"_blank\" rel=\"noopener noreferrer\">https:\/\/support.apple.com\/kb\/PH21411?locale=es_ES<\/a><\/li>\n<li>Safari pour IOS (Iphone, IPad): <a href=\"http:\/\/support.apple.com\/kb\/ht1677?viewlocale=es_es&amp;locale=es_es\" target=\"_blank\" rel=\"noopener noreferrer\">http:\/\/support.apple.com\/kb\/ht1677?viewlocale=es_es&amp;locale=es_es<\/a><\/li>\n<li>Chrome pour Android: <a href=\"https:\/\/support.google.com\/chrome\/answer\/2392971?hl=es\" target=\"_blank\" rel=\"noopener noreferrer\">https:\/\/support.google.com\/chrome\/answer\/2392971?hl=es<\/a><\/li>\n<\/ul>\n<p>Si vous souhaitez plus d&#8217;informations sur les cookies et comment les d\u00e9sactiver en fonction de votre syst\u00e8me de navigation, vous pouvez \u00e9galement consulter les liens suivants : <a href=\"http:\/\/www.aboutcookies.org\" target=\"_blank\" rel=\"noopener noreferrer\">www.aboutcookies.org<\/a> et <a href=\"http:\/\/www.aboutcookies.org\/Default.aspx?page=1\" target=\"_blank\" rel=\"noopener noreferrer\">http:\/\/www.aboutcookies.org\/Default.aspx?page=1<\/a><\/p>\n<p>Dans le cas contraire, et apr\u00e8s en avoir inform\u00e9 CORLA 2013, S.L. de l&#8217;utilisation des cookies, et sans que ceux-ci aient \u00e9t\u00e9 d\u00e9sactiv\u00e9s, implique que l&#8217;utilisateur consent au traitement des donn\u00e9es par Google de la mani\u00e8re pr\u00e9vue dans la pr\u00e9sente notice et aux fins d\u00e9crites ici.<\/p>\n<p>En cas de doute ou de commentaire, vous pouvez contacter CORLA 2013, S.L. par ses moyens d&#8217;attention au public ou communiquer avec nous via administracion@corlacortelaser.com.[\/vc_text_element][\/vc_column][\/vc_row]<\/p>\n<\/div>","protected":false},"excerpt":{"rendered":"<p>[vc_row nav_skin=&#8221;light&#8221; consent_include=&#8221;include&#8221; custom_bg_color=&#8221;{&#8220;solid&#8220;:{&#8220;id&#8220;:&#8220;Light background&#8220;,&#8220;color&#8220;:&#8220;#f9fafb&#8220;}}&#8221; el_design=&#8221;{&#8220;desktop&#8220;:{&#8220;padding-top&#8220;:&#8220;130&#8220;,&#8220;padding-bottom&#8220;:&#8220;100&#8220;}}&#8221;][vc_column css_animation=&#8221;&#8221;][vc_heading heading_text=&#8221;Politique de cookies&#8221; heading_wrapper=&#8221;p&#8221; alignment=&#8221;align_center&#8221; heading_color=&#8221;{&#8220;solid&#8220;:{&#8220;id&#8220;:&#8220;custom_1919533005111031&#8220;,&#8220;color&#8220;:&#8220;#141d2c&#8220;}}&#8221; heading_typography=&#8221;{&#8220;variants&#8220;:&#8220;300&#8220;,&#8220;transform&#8220;:&#8220;uppercase&#8220;,&#8220;font_size&#8220;:&#8220;30px&#8220;,&#8220;letter_spacing&#8220;:&#8220;10px&#8220;}&#8221; css_animation=&#8221;&#8221;][vc_empty_space height=&#8221;10px&#8221;][vc_separator align=&#8221;none&#8221; line_color=&#8221;{&#8220;id&#8220;:&#8220;custom_1919533005111031&#8220;,&#8220;color&#8220;:&#8220;#141d2c&#8220;}&#8221; width=&#8221;30%&#8221; height=&#8221;2px&#8221; css_animation=&#8221;wtbx-anim-fade-in&#8221; css_animation_easing=&#8221;wtbx_easing-natural&#8221; css_animation_duration=&#8221;wtbx-duration-1000&#8243; css_animation_delay=&#8221;&#8221;][vc_empty_space height=&#8221;80px&#8221;][vc_heading heading_text=&#8221;Cookies et but sur ce site&#8221; heading_wrapper=&#8221;p&#8221; alignment=&#8221;align_left&#8221; heading_color=&#8221;{&#8220;solid&#8220;:{&#8220;id&#8220;:&#8220;custom_1919533005111031&#8220;,&#8220;color&#8220;:&#8220;#141d2c&#8220;}}&#8221; heading_typography=&#8221;{&#8220;variants&#8220;:&#8220;300&#8220;,&#8220;transform&#8220;:&#8220;uppercase&#8220;,&#8220;font_size&#8220;:&#8220;24px&#8220;,&#8220;letter_spacing&#8220;:&#8220;5px&#8220;}&#8221; css_animation=&#8221;&#8221;][vc_text_element css_animation=&#8221;&#8221;]Nous vous informons que pour le bon fonctionnement du site www.corlacortelaser.com, le syst\u00e8me de navigation utilise certaines donn\u00e9es de navigation (&#8220;Cookies&#8221;) afin d&#8217;offrir un service plus personnalis\u00e9 aux internautes. Les \u00ab cookies \u00bb sont de petits fichiers texte que [&hellip;]<\/p>\n","protected":false},"author":1,"featured_media":0,"parent":0,"menu_order":100,"comment_status":"closed","ping_status":"closed","template":"","meta":{"footnotes":""},"class_list":["post-1678","page","type-page","status-publish","hentry"],"yoast_head":"<!-- This site is optimized with the Yoast SEO plugin v27.4 - https:\/\/yoast.com\/product\/yoast-seo-wordpress\/ -->\n<title>Politique de cookies<\/title>\n<meta name=\"robots\" content=\"noindex, nofollow\" \/>\n<meta property=\"og:locale\" content=\"fr_FR\" \/>\n<meta property=\"og:type\" content=\"article\" \/>\n<meta property=\"og:title\" content=\"Politique de cookies\" \/>\n<meta property=\"og:description\" content=\"[vc_row nav_skin=&#8221;light&#8221; consent_include=&#8221;include&#8221; custom_bg_color=&#8221;{&#8220;solid&#8220;:{&#8220;id&#8220;:&#8220;Light background&#8220;,&#8220;color&#8220;:&#8220;#f9fafb&#8220;}}&#8221; el_design=&#8221;{&#8220;desktop&#8220;:{&#8220;padding-top&#8220;:&#8220;130&#8220;,&#8220;padding-bottom&#8220;:&#8220;100&#8220;}}&#8221;][vc_column css_animation=&#8221;&#8221;][vc_heading heading_text=&#8221;Politique de cookies&#8221; heading_wrapper=&#8221;p&#8221; alignment=&#8221;align_center&#8221; heading_color=&#8221;{&#8220;solid&#8220;:{&#8220;id&#8220;:&#8220;custom_1919533005111031&#8220;,&#8220;color&#8220;:&#8220;#141d2c&#8220;}}&#8221; heading_typography=&#8221;{&#8220;variants&#8220;:&#8220;300&#8220;,&#8220;transform&#8220;:&#8220;uppercase&#8220;,&#8220;font_size&#8220;:&#8220;30px&#8220;,&#8220;letter_spacing&#8220;:&#8220;10px&#8220;}&#8221; css_animation=&#8221;&#8221;][vc_empty_space height=&#8221;10px&#8221;][vc_separator align=&#8221;none&#8221; line_color=&#8221;{&#8220;id&#8220;:&#8220;custom_1919533005111031&#8220;,&#8220;color&#8220;:&#8220;#141d2c&#8220;}&#8221; width=&#8221;30%&#8221; height=&#8221;2px&#8221; css_animation=&#8221;wtbx-anim-fade-in&#8221; css_animation_easing=&#8221;wtbx_easing-natural&#8221; css_animation_duration=&#8221;wtbx-duration-1000&#8243; css_animation_delay=&#8221;&#8221;][vc_empty_space height=&#8221;80px&#8221;][vc_heading heading_text=&#8221;Cookies et but sur ce site&#8221; heading_wrapper=&#8221;p&#8221; alignment=&#8221;align_left&#8221; heading_color=&#8221;{&#8220;solid&#8220;:{&#8220;id&#8220;:&#8220;custom_1919533005111031&#8220;,&#8220;color&#8220;:&#8220;#141d2c&#8220;}}&#8221; heading_typography=&#8221;{&#8220;variants&#8220;:&#8220;300&#8220;,&#8220;transform&#8220;:&#8220;uppercase&#8220;,&#8220;font_size&#8220;:&#8220;24px&#8220;,&#8220;letter_spacing&#8220;:&#8220;5px&#8220;}&#8221; css_animation=&#8221;&#8221;][vc_text_element css_animation=&#8221;&#8221;]Nous vous informons que pour le bon fonctionnement du site www.corlacortelaser.com, le syst\u00e8me de navigation utilise certaines donn\u00e9es de navigation (&#8220;Cookies&#8221;) afin d&#8217;offrir un service plus personnalis\u00e9 aux internautes. Les \u00ab cookies \u00bb sont de petits fichiers texte que [&hellip;]\" \/>\n<meta property=\"og:url\" content=\"https:\/\/corlacortelaser.com\/fr\/politique-de-cookies\/\" \/>\n<meta property=\"og:site_name\" content=\"CORLA\" \/>\n<meta property=\"article:modified_time\" content=\"2022-11-29T14:37:31+00:00\" \/>\n<meta name=\"twitter:card\" content=\"summary_large_image\" \/>\n<meta name=\"twitter:label1\" content=\"Dur\u00e9e de lecture estim\u00e9e\" \/>\n\t<meta name=\"twitter:data1\" content=\"3 minutes\" \/>\n<script type=\"application\/ld+json\" class=\"yoast-schema-graph\">{\"@context\":\"https:\\\/\\\/schema.org\",\"@graph\":[{\"@type\":\"WebPage\",\"@id\":\"https:\\\/\\\/corlacortelaser.com\\\/fr\\\/politique-de-cookies\\\/\",\"url\":\"https:\\\/\\\/corlacortelaser.com\\\/fr\\\/politique-de-cookies\\\/\",\"name\":\"Politique de cookies\",\"isPartOf\":{\"@id\":\"https:\\\/\\\/corlacortelaser.com\\\/#website\"},\"datePublished\":\"2021-04-12T12:41:36+00:00\",\"dateModified\":\"2022-11-29T14:37:31+00:00\",\"breadcrumb\":{\"@id\":\"https:\\\/\\\/corlacortelaser.com\\\/fr\\\/politique-de-cookies\\\/#breadcrumb\"},\"inLanguage\":\"fr-FR\",\"potentialAction\":[{\"@type\":\"ReadAction\",\"target\":[\"https:\\\/\\\/corlacortelaser.com\\\/fr\\\/politique-de-cookies\\\/\"]}]},{\"@type\":\"BreadcrumbList\",\"@id\":\"https:\\\/\\\/corlacortelaser.com\\\/fr\\\/politique-de-cookies\\\/#breadcrumb\",\"itemListElement\":[{\"@type\":\"ListItem\",\"position\":1,\"name\":\"Portada\",\"item\":\"https:\\\/\\\/corlacortelaser.com\\\/fr\\\/\"},{\"@type\":\"ListItem\",\"position\":2,\"name\":\"Politique de cookies\"}]},{\"@type\":\"WebSite\",\"@id\":\"https:\\\/\\\/corlacortelaser.com\\\/#website\",\"url\":\"https:\\\/\\\/corlacortelaser.com\\\/\",\"name\":\"CORLA\",\"description\":\"m\u00e1s que Corte L\u00e1ser Industrial\",\"publisher\":{\"@id\":\"https:\\\/\\\/corlacortelaser.com\\\/#organization\"},\"potentialAction\":[{\"@type\":\"SearchAction\",\"target\":{\"@type\":\"EntryPoint\",\"urlTemplate\":\"https:\\\/\\\/corlacortelaser.com\\\/?s={search_term_string}\"},\"query-input\":{\"@type\":\"PropertyValueSpecification\",\"valueRequired\":true,\"valueName\":\"search_term_string\"}}],\"inLanguage\":\"fr-FR\"},{\"@type\":\"Organization\",\"@id\":\"https:\\\/\\\/corlacortelaser.com\\\/#organization\",\"name\":\"CORLA\",\"url\":\"https:\\\/\\\/corlacortelaser.com\\\/\",\"logo\":{\"@type\":\"ImageObject\",\"inLanguage\":\"fr-FR\",\"@id\":\"https:\\\/\\\/corlacortelaser.com\\\/#\\\/schema\\\/logo\\\/image\\\/\",\"url\":\"https:\\\/\\\/corlacortelaser.com\\\/wp-content\\\/uploads\\\/corla.png\",\"contentUrl\":\"https:\\\/\\\/corlacortelaser.com\\\/wp-content\\\/uploads\\\/corla.png\",\"width\":700,\"height\":700,\"caption\":\"CORLA\"},\"image\":{\"@id\":\"https:\\\/\\\/corlacortelaser.com\\\/#\\\/schema\\\/logo\\\/image\\\/\"},\"sameAs\":[\"https:\\\/\\\/www.linkedin.com\\\/in\\\/corlacortelaser\\\/\"]}]}<\/script>\n<!-- \/ Yoast SEO plugin. -->","yoast_head_json":{"title":"Politique de cookies","robots":{"index":"noindex","follow":"nofollow"},"og_locale":"fr_FR","og_type":"article","og_title":"Politique de cookies","og_description":"[vc_row nav_skin=&#8221;light&#8221; consent_include=&#8221;include&#8221; custom_bg_color=&#8221;{&#8220;solid&#8220;:{&#8220;id&#8220;:&#8220;Light background&#8220;,&#8220;color&#8220;:&#8220;#f9fafb&#8220;}}&#8221; el_design=&#8221;{&#8220;desktop&#8220;:{&#8220;padding-top&#8220;:&#8220;130&#8220;,&#8220;padding-bottom&#8220;:&#8220;100&#8220;}}&#8221;][vc_column css_animation=&#8221;&#8221;][vc_heading heading_text=&#8221;Politique de cookies&#8221; heading_wrapper=&#8221;p&#8221; alignment=&#8221;align_center&#8221; heading_color=&#8221;{&#8220;solid&#8220;:{&#8220;id&#8220;:&#8220;custom_1919533005111031&#8220;,&#8220;color&#8220;:&#8220;#141d2c&#8220;}}&#8221; heading_typography=&#8221;{&#8220;variants&#8220;:&#8220;300&#8220;,&#8220;transform&#8220;:&#8220;uppercase&#8220;,&#8220;font_size&#8220;:&#8220;30px&#8220;,&#8220;letter_spacing&#8220;:&#8220;10px&#8220;}&#8221; css_animation=&#8221;&#8221;][vc_empty_space height=&#8221;10px&#8221;][vc_separator align=&#8221;none&#8221; line_color=&#8221;{&#8220;id&#8220;:&#8220;custom_1919533005111031&#8220;,&#8220;color&#8220;:&#8220;#141d2c&#8220;}&#8221; width=&#8221;30%&#8221; height=&#8221;2px&#8221; css_animation=&#8221;wtbx-anim-fade-in&#8221; css_animation_easing=&#8221;wtbx_easing-natural&#8221; css_animation_duration=&#8221;wtbx-duration-1000&#8243; css_animation_delay=&#8221;&#8221;][vc_empty_space height=&#8221;80px&#8221;][vc_heading heading_text=&#8221;Cookies et but sur ce site&#8221; heading_wrapper=&#8221;p&#8221; alignment=&#8221;align_left&#8221; heading_color=&#8221;{&#8220;solid&#8220;:{&#8220;id&#8220;:&#8220;custom_1919533005111031&#8220;,&#8220;color&#8220;:&#8220;#141d2c&#8220;}}&#8221; heading_typography=&#8221;{&#8220;variants&#8220;:&#8220;300&#8220;,&#8220;transform&#8220;:&#8220;uppercase&#8220;,&#8220;font_size&#8220;:&#8220;24px&#8220;,&#8220;letter_spacing&#8220;:&#8220;5px&#8220;}&#8221; css_animation=&#8221;&#8221;][vc_text_element css_animation=&#8221;&#8221;]Nous vous informons que pour le bon fonctionnement du site www.corlacortelaser.com, le syst\u00e8me de navigation utilise certaines donn\u00e9es de navigation (&#8220;Cookies&#8221;) afin d&#8217;offrir un service plus personnalis\u00e9 aux internautes. Les \u00ab cookies \u00bb sont de petits fichiers texte que [&hellip;]","og_url":"https:\/\/corlacortelaser.com\/fr\/politique-de-cookies\/","og_site_name":"CORLA","article_modified_time":"2022-11-29T14:37:31+00:00","twitter_card":"summary_large_image","twitter_misc":{"Dur\u00e9e de lecture estim\u00e9e":"3 minutes"},"schema":{"@context":"https:\/\/schema.org","@graph":[{"@type":"WebPage","@id":"https:\/\/corlacortelaser.com\/fr\/politique-de-cookies\/","url":"https:\/\/corlacortelaser.com\/fr\/politique-de-cookies\/","name":"Politique de cookies","isPartOf":{"@id":"https:\/\/corlacortelaser.com\/#website"},"datePublished":"2021-04-12T12:41:36+00:00","dateModified":"2022-11-29T14:37:31+00:00","breadcrumb":{"@id":"https:\/\/corlacortelaser.com\/fr\/politique-de-cookies\/#breadcrumb"},"inLanguage":"fr-FR","potentialAction":[{"@type":"ReadAction","target":["https:\/\/corlacortelaser.com\/fr\/politique-de-cookies\/"]}]},{"@type":"BreadcrumbList","@id":"https:\/\/corlacortelaser.com\/fr\/politique-de-cookies\/#breadcrumb","itemListElement":[{"@type":"ListItem","position":1,"name":"Portada","item":"https:\/\/corlacortelaser.com\/fr\/"},{"@type":"ListItem","position":2,"name":"Politique de cookies"}]},{"@type":"WebSite","@id":"https:\/\/corlacortelaser.com\/#website","url":"https:\/\/corlacortelaser.com\/","name":"CORLA","description":"m\u00e1s que Corte L\u00e1ser Industrial","publisher":{"@id":"https:\/\/corlacortelaser.com\/#organization"},"potentialAction":[{"@type":"SearchAction","target":{"@type":"EntryPoint","urlTemplate":"https:\/\/corlacortelaser.com\/?s={search_term_string}"},"query-input":{"@type":"PropertyValueSpecification","valueRequired":true,"valueName":"search_term_string"}}],"inLanguage":"fr-FR"},{"@type":"Organization","@id":"https:\/\/corlacortelaser.com\/#organization","name":"CORLA","url":"https:\/\/corlacortelaser.com\/","logo":{"@type":"ImageObject","inLanguage":"fr-FR","@id":"https:\/\/corlacortelaser.com\/#\/schema\/logo\/image\/","url":"https:\/\/corlacortelaser.com\/wp-content\/uploads\/corla.png","contentUrl":"https:\/\/corlacortelaser.com\/wp-content\/uploads\/corla.png","width":700,"height":700,"caption":"CORLA"},"image":{"@id":"https:\/\/corlacortelaser.com\/#\/schema\/logo\/image\/"},"sameAs":["https:\/\/www.linkedin.com\/in\/corlacortelaser\/"]}]}},"_links":{"self":[{"href":"https:\/\/corlacortelaser.com\/fr\/wp-json\/wp\/v2\/pages\/1678","targetHints":{"allow":["GET"]}}],"collection":[{"href":"https:\/\/corlacortelaser.com\/fr\/wp-json\/wp\/v2\/pages"}],"about":[{"href":"https:\/\/corlacortelaser.com\/fr\/wp-json\/wp\/v2\/types\/page"}],"author":[{"embeddable":true,"href":"https:\/\/corlacortelaser.com\/fr\/wp-json\/wp\/v2\/users\/1"}],"replies":[{"embeddable":true,"href":"https:\/\/corlacortelaser.com\/fr\/wp-json\/wp\/v2\/comments?post=1678"}],"version-history":[{"count":2,"href":"https:\/\/corlacortelaser.com\/fr\/wp-json\/wp\/v2\/pages\/1678\/revisions"}],"predecessor-version":[{"id":1684,"href":"https:\/\/corlacortelaser.com\/fr\/wp-json\/wp\/v2\/pages\/1678\/revisions\/1684"}],"wp:attachment":[{"href":"https:\/\/corlacortelaser.com\/fr\/wp-json\/wp\/v2\/media?parent=1678"}],"curies":[{"name":"wp","href":"https:\/\/api.w.org\/{rel}","templated":true}]}}